{"id":386,"date":"2022-07-21T00:45:42","date_gmt":"2022-07-21T00:45:42","guid":{"rendered":"https:\/\/aerotucan.miwebminegocio.com\/?page_id=386"},"modified":"2026-02-17T20:01:41","modified_gmt":"2026-02-18T02:01:41","slug":"oaxaca","status":"publish","type":"page","link":"https:\/\/aerotaxisdemexico.com\/es\/our-routes\/oaxaca\/","title":{"rendered":"Oaxaca"},"content":{"rendered":"<style>\/*! elementor - v3.7.4 - 31-08-2022 *\/\n.elementor-heading-title{padding:0;margin:0;line-height:1}.elementor-widget-heading .elementor-heading-title[class*=elementor-size-]>a{color:inherit;font-size:inherit;line-height:inherit}.elementor-widget-heading .elementor-heading-title.elementor-size-small{font-size:15px}.elementor-widget-heading .elementor-heading-title.elementor-size-medium{font-size:19px}.elementor-widget-heading .elementor-heading-title.elementor-size-large{font-size:29px}.elementor-widget-heading .elementor-heading-title.elementor-size-xl{font-size:39px}.elementor-widget-heading .elementor-heading-title.elementor-size-xxl{font-size:59px}<\/style>\n<h2>Oaxaca<\/h2>\n<p>Vuelos diarios<\/p>\n<style>\/*! elementor - v3.7.4 - 31-08-2022 *\/\n.elementor-widget-image{text-align:center}.elementor-widget-image a{display:inline-block}.elementor-widget-image a img[src$=\".svg\"]{width:48px}.elementor-widget-image img{vertical-align:middle;display:inline-block}<\/style>\n<p>\t\t\t\t\t\t\t\t\t\t\t\t<img decoding=\"async\" width=\"800\" height=\"600\" src=\"https:\/\/aerotaxisdemexico.com\/wp-content\/uploads\/2022\/07\/oaxaca-flight-aerotucan.jpg\" alt=\"\" loading=\"lazy\" srcset=\"https:\/\/aerotaxisdemexico.com\/wp-content\/uploads\/2022\/07\/oaxaca-flight-aerotucan.jpg 1000w, https:\/\/aerotaxisdemexico.com\/wp-content\/uploads\/2022\/07\/oaxaca-flight-aerotucan-300x225.jpg 300w, https:\/\/aerotaxisdemexico.com\/wp-content\/uploads\/2022\/07\/oaxaca-flight-aerotucan-768x576.jpg 768w\" sizes=\"auto, (max-width: 800px) 100vw, 800px\" \/>\t\t\t\t\t\t\t\t\t\t\t\t\t\t\t<\/p>\n<h2>Flights &#038; Schedules<\/h2>\n<h2>Oaxaca a Puerto Escondido<\/h2>\n<link rel=\"stylesheet\" href=\"http:\/\/aerotaxisdemexico.com\/wp-content\/plugins\/elementor\/assets\/css\/widget-icon-list.min.css\">\n<ul>\n<li>\n\t\t\t\t\t\t\t\t\t\tLunes a s\u00e1bado 7:00AM\n\t\t\t\t\t\t\t\t\t<\/li>\n<li>\n\t\t\t\t\t\t\t\t\t\tDomingos 10:00AM\n\t\t\t\t\t\t\t\t\t<\/li>\n<\/ul>\n<h2>Puerto Escondido a Oaxaca<\/h2>\n<ul>\n<li>\n\t\t\t\t\t\t\t\t\t\tLunes a s\u00e1bado 8:00AM\n\t\t\t\t\t\t\t\t\t<\/li>\n<li>\n\t\t\t\t\t\t\t\t\t\tDomingos 11:00AM\n\t\t\t\t\t\t\t\t\t<\/li>\n<\/ul>\n<h2>Oaxaca a Huatulco<\/h2>\n<ul>\n<li>\n\t\t\t\t\t\t\t\t\t\tLunes a S\u00e1bado 9:00AM\n\t\t\t\t\t\t\t\t\t<\/li>\n<li>\n\t\t\t\t\t\t\t\t\t\tDomingo 12:00am\n\t\t\t\t\t\t\t\t\t<\/li>\n<\/ul>\n<h2>Huatulco a Oaxaca<\/h2>\n<ul>\n<li>\n\t\t\t\t\t\t\t\t\t\tLunes a S\u00e1bado 10:00AM\n\t\t\t\t\t\t\t\t\t<\/li>\n<li>\n\t\t\t\t\t\t\t\t\t\tDomingo 13:00PM\n\t\t\t\t\t\t\t\t\t<\/li>\n<\/ul>\n<h2>Oaxaca a Ixtepec<\/h2>\n<ul>\n<li>\n\t\t\t\t\t\t\t\t\t\tLunes 9:00am\n\t\t\t\t\t\t\t\t\t<\/li>\n<li>\n\t\t\t\t\t\t\t\t\t\tMi\u00e9rcoles 9:00am\n\t\t\t\t\t\t\t\t\t<\/li>\n<li>\n\t\t\t\t\t\t\t\t\t\tViernes 9:00am\n\t\t\t\t\t\t\t\t\t<\/li>\n<\/ul>\n<h2>Ixtepec a Oaxaca<\/h2>\n<ul>\n<li>\n\t\t\t\t\t\t\t\t\t\tLunes 10:00am\n\t\t\t\t\t\t\t\t\t<\/li>\n<li>\n\t\t\t\t\t\t\t\t\t\tMi\u00e9rcoles 10:00am\n\t\t\t\t\t\t\t\t\t<\/li>\n<li>\n\t\t\t\t\t\t\t\t\t\tViernes 10:00am\n\t\t\t\t\t\t\t\t\t<\/li>\n<\/ul>\n<p>El Estado de Oaxaca, en el sur de M\u00e9xico, es el quinto m\u00e1s grande de la Rep\u00fablica Mexicana.\u00a0<\/p>\n<p>Es uno de los estados m\u00e1s deprimidos de M\u00e9xico desde el punto de vista econ\u00f3mico, pero tambi\u00e9n es rico en turismo y cultura.\u00a0<\/p>\n<p>Debido a su elevaci\u00f3n a 1.500 metros sobre el nivel del mar, la temperatura es agradable en la ciudad de Oaxaca suele ser fresca, y en la playa, es muy c\u00e1lida durante todo el a\u00f1o lo que es ideal para relajarse en las playas.\u00a0<\/p>\n<p>The region is known for its beautiful indigenous handicrafts, vibrant festivals, and fascinating past, including numerous archaeological sites and colonial structures.\u00a0Oaxaca is also known for its foodie attractions, featuring a variety of dishes that are that are based on pre-Hispanic ingredients, including corn and different varieties of chillies.\u00a0<\/p>\n<p>This diverse populace of the state is approximately 3.2 million people and comprises around 1.25 million indigenous people belonging to sixteen distinct ethnolinguistic communities.\u00a0A week spent in Oaxaca by splitting your time in between Oaxaca&#8217;s city and beach allows you to take in the historical and cultural significance of the colonial town of Oaxaca and then enjoy some time relaxing at the beach.\u00a0If you&#8217;re able to spend more time you can easily add several days at each destination.<\/p>\n<p>\t\t\t\t\t\t\t\t\t\t\t\t\t\t\t<img decoding=\"async\" width=\"800\" height=\"626\" src=\"https:\/\/aerotaxisdemexico.com\/wp-content\/uploads\/2022\/07\/oaxaca-santodomingo-flight.jpg\" alt=\"\" loading=\"lazy\" srcset=\"https:\/\/aerotaxisdemexico.com\/wp-content\/uploads\/2022\/07\/oaxaca-santodomingo-flight.jpg 1000w, https:\/\/aerotaxisdemexico.com\/wp-content\/uploads\/2022\/07\/oaxaca-santodomingo-flight-300x235.jpg 300w, https:\/\/aerotaxisdemexico.com\/wp-content\/uploads\/2022\/07\/oaxaca-santodomingo-flight-768x601.jpg 768w\" sizes=\"auto, (max-width: 800px) 100vw, 800px\" \/><\/p>","protected":false},"excerpt":{"rendered":"<p>Oaxaca Daily flights Flights &#038; Schedules Oaxaca to Puerto Escondido Monday to Saturday 7:00AM Sunday 10:00AM Puerto Escondido to Oaxaca Monday to Saturday 8:00AM Sunday 11:00AM Oaxaca to Huatulco Monday to Saturday 9:00AM Sunday 12:00AM Huatulco to Oaxaca Monday to Saturday 10:00AM Sunday 13:00PM Oaxaca to Ixtepec Monday 9:00am Wednesday 9:00am Friday 9:00am Ixtepec to [&hellip;]<\/p>","protected":false},"author":1,"featured_media":0,"parent":12,"menu_order":0,"comment_status":"closed","ping_status":"closed","template":"elementor_header_footer","meta":{"_monsterinsights_skip_tracking":false,"_monsterinsights_sitenote_active":false,"_monsterinsights_sitenote_note":"","_monsterinsights_sitenote_category":0,"footnotes":""},"class_list":["post-386","page","type-page","status-publish","hentry"],"yoast_head":"<!-- This site is optimized with the Yoast SEO Premium plugin v19.2 (Yoast SEO v20.13) - https:\/\/yoast.com\/wordpress\/plugins\/seo\/ -->\n<title>Flights to Oaxaca | Aerotuc\u00e1n<\/title>\n<meta name=\"description\" content=\"Fly from Puerto escondido, Huatulco or Ixtepec to Oaxaca City.\" \/>\n<meta name=\"robots\" content=\"index, follow, max-snippet:-1, max-image-preview:large, max-video-preview:-1\" \/>\n<link rel=\"canonical\" href=\"https:\/\/aerotaxisdemexico.com\/es\/our-routes\/oaxaca\/\" \/>\n<meta property=\"og:locale\" content=\"es_MX\" \/>\n<meta property=\"og:type\" content=\"article\" \/>\n<meta property=\"og:title\" content=\"Oaxaca\" \/>\n<meta property=\"og:description\" content=\"Fly from Puerto escondido, Huatulco or Ixtepec to Oaxaca City.\" \/>\n<meta property=\"og:url\" content=\"https:\/\/aerotaxisdemexico.com\/es\/our-routes\/oaxaca\/\" \/>\n<meta property=\"og:site_name\" content=\"Aerotuc\u00e1n\" \/>\n<meta property=\"article:publisher\" content=\"https:\/\/es-la.facebook.com\/AerotucanOaxaca\/\" \/>\n<meta property=\"article:modified_time\" content=\"2026-02-18T02:01:41+00:00\" \/>\n<meta property=\"og:image\" content=\"https:\/\/aerotaxisdemexico.com\/wp-content\/uploads\/2022\/07\/oaxaca-flight-aerotucan.jpg\" \/>\n<meta name=\"twitter:card\" content=\"summary_large_image\" \/>\n<meta name=\"twitter:label1\" content=\"Tiempo de lectura\" \/>\n\t<meta name=\"twitter:data1\" content=\"2 minutos\" \/>\n<script type=\"application\/ld+json\" class=\"yoast-schema-graph\">{\"@context\":\"https:\/\/schema.org\",\"@graph\":[{\"@type\":\"WebPage\",\"@id\":\"https:\/\/aerotaxisdemexico.com\/our-routes\/oaxaca\/\",\"url\":\"https:\/\/aerotaxisdemexico.com\/our-routes\/oaxaca\/\",\"name\":\"Flights to Oaxaca | Aerotuc\u00e1n\",\"isPartOf\":{\"@id\":\"https:\/\/aerotaxisdemexico.com\/#website\"},\"datePublished\":\"2022-07-21T00:45:42+00:00\",\"dateModified\":\"2026-02-18T02:01:41+00:00\",\"description\":\"Fly from Puerto escondido, Huatulco or Ixtepec to Oaxaca City.\",\"breadcrumb\":{\"@id\":\"https:\/\/aerotaxisdemexico.com\/our-routes\/oaxaca\/#breadcrumb\"},\"inLanguage\":\"es\",\"potentialAction\":[{\"@type\":\"ReadAction\",\"target\":[\"https:\/\/aerotaxisdemexico.com\/our-routes\/oaxaca\/\"]}]},{\"@type\":\"BreadcrumbList\",\"@id\":\"https:\/\/aerotaxisdemexico.com\/our-routes\/oaxaca\/#breadcrumb\",\"itemListElement\":[{\"@type\":\"ListItem\",\"position\":1,\"name\":\"Home\",\"item\":\"https:\/\/aerotaxisdemexico.com\/\"},{\"@type\":\"ListItem\",\"position\":2,\"name\":\"Our Routes\",\"item\":\"https:\/\/aerotaxisdemexico.com\/our-routes\/\"},{\"@type\":\"ListItem\",\"position\":3,\"name\":\"Oaxaca\"}]},{\"@type\":\"WebSite\",\"@id\":\"https:\/\/aerotaxisdemexico.com\/#website\",\"url\":\"https:\/\/aerotaxisdemexico.com\/\",\"name\":\"Aerotuc\u00e1n\",\"description\":\"AERO TAXI OAXACA\",\"publisher\":{\"@id\":\"https:\/\/aerotaxisdemexico.com\/#organization\"},\"potentialAction\":[{\"@type\":\"SearchAction\",\"target\":{\"@type\":\"EntryPoint\",\"urlTemplate\":\"https:\/\/aerotaxisdemexico.com\/?s={search_term_string}\"},\"query-input\":\"required name=search_term_string\"}],\"inLanguage\":\"es\"},{\"@type\":\"Organization\",\"@id\":\"https:\/\/aerotaxisdemexico.com\/#organization\",\"name\":\"AEROTUC\u00c1N\",\"url\":\"https:\/\/aerotaxisdemexico.com\/\",\"logo\":{\"@type\":\"ImageObject\",\"inLanguage\":\"es\",\"@id\":\"https:\/\/aerotaxisdemexico.com\/#\/schema\/logo\/image\/\",\"url\":\"http:\/\/aerotaxisdemexico.com\/wp-content\/uploads\/2022\/07\/aerotucan-logo.png\",\"contentUrl\":\"http:\/\/aerotaxisdemexico.com\/wp-content\/uploads\/2022\/07\/aerotucan-logo.png\",\"width\":241,\"height\":73,\"caption\":\"AEROTUC\u00c1N\"},\"image\":{\"@id\":\"https:\/\/aerotaxisdemexico.com\/#\/schema\/logo\/image\/\"},\"sameAs\":[\"https:\/\/es-la.facebook.com\/AerotucanOaxaca\/\",\"https:\/\/www.instagram.com\/aerotucan\/?hl=es\"]}]}<\/script>\n<!-- \/ Yoast SEO Premium plugin. -->","yoast_head_json":{"title":"Flights to Oaxaca | Aerotuc\u00e1n","description":"Fly from Puerto escondido, Huatulco or Ixtepec to Oaxaca City.","robots":{"index":"index","follow":"follow","max-snippet":"max-snippet:-1","max-image-preview":"max-image-preview:large","max-video-preview":"max-video-preview:-1"},"canonical":"https:\/\/aerotaxisdemexico.com\/es\/our-routes\/oaxaca\/","og_locale":"es_MX","og_type":"article","og_title":"Oaxaca","og_description":"Fly from Puerto escondido, Huatulco or Ixtepec to Oaxaca City.","og_url":"https:\/\/aerotaxisdemexico.com\/es\/our-routes\/oaxaca\/","og_site_name":"Aerotuc\u00e1n","article_publisher":"https:\/\/es-la.facebook.com\/AerotucanOaxaca\/","article_modified_time":"2026-02-18T02:01:41+00:00","og_image":[{"url":"https:\/\/aerotaxisdemexico.com\/wp-content\/uploads\/2022\/07\/oaxaca-flight-aerotucan.jpg"}],"twitter_card":"summary_large_image","twitter_misc":{"Tiempo de lectura":"2 minutos"},"schema":{"@context":"https:\/\/schema.org","@graph":[{"@type":"WebPage","@id":"https:\/\/aerotaxisdemexico.com\/our-routes\/oaxaca\/","url":"https:\/\/aerotaxisdemexico.com\/our-routes\/oaxaca\/","name":"Flights to Oaxaca | Aerotuc\u00e1n","isPartOf":{"@id":"https:\/\/aerotaxisdemexico.com\/#website"},"datePublished":"2022-07-21T00:45:42+00:00","dateModified":"2026-02-18T02:01:41+00:00","description":"Fly from Puerto escondido, Huatulco or Ixtepec to Oaxaca City.","breadcrumb":{"@id":"https:\/\/aerotaxisdemexico.com\/our-routes\/oaxaca\/#breadcrumb"},"inLanguage":"es","potentialAction":[{"@type":"ReadAction","target":["https:\/\/aerotaxisdemexico.com\/our-routes\/oaxaca\/"]}]},{"@type":"BreadcrumbList","@id":"https:\/\/aerotaxisdemexico.com\/our-routes\/oaxaca\/#breadcrumb","itemListElement":[{"@type":"ListItem","position":1,"name":"Home","item":"https:\/\/aerotaxisdemexico.com\/"},{"@type":"ListItem","position":2,"name":"Our Routes","item":"https:\/\/aerotaxisdemexico.com\/our-routes\/"},{"@type":"ListItem","position":3,"name":"Oaxaca"}]},{"@type":"WebSite","@id":"https:\/\/aerotaxisdemexico.com\/#website","url":"https:\/\/aerotaxisdemexico.com\/","name":"Aerotuc\u00e1n","description":"AERO TAXI OAXACA","publisher":{"@id":"https:\/\/aerotaxisdemexico.com\/#organization"},"potentialAction":[{"@type":"SearchAction","target":{"@type":"EntryPoint","urlTemplate":"https:\/\/aerotaxisdemexico.com\/?s={search_term_string}"},"query-input":"required name=search_term_string"}],"inLanguage":"es"},{"@type":"Organization","@id":"https:\/\/aerotaxisdemexico.com\/#organization","name":"AEROTUC\u00c1N","url":"https:\/\/aerotaxisdemexico.com\/","logo":{"@type":"ImageObject","inLanguage":"es","@id":"https:\/\/aerotaxisdemexico.com\/#\/schema\/logo\/image\/","url":"http:\/\/aerotaxisdemexico.com\/wp-content\/uploads\/2022\/07\/aerotucan-logo.png","contentUrl":"http:\/\/aerotaxisdemexico.com\/wp-content\/uploads\/2022\/07\/aerotucan-logo.png","width":241,"height":73,"caption":"AEROTUC\u00c1N"},"image":{"@id":"https:\/\/aerotaxisdemexico.com\/#\/schema\/logo\/image\/"},"sameAs":["https:\/\/es-la.facebook.com\/AerotucanOaxaca\/","https:\/\/www.instagram.com\/aerotucan\/?hl=es"]}]}},"_links":{"self":[{"href":"https:\/\/aerotaxisdemexico.com\/es\/wp-json\/wp\/v2\/pages\/386","targetHints":{"allow":["GET"]}}],"collection":[{"href":"https:\/\/aerotaxisdemexico.com\/es\/wp-json\/wp\/v2\/pages"}],"about":[{"href":"https:\/\/aerotaxisdemexico.com\/es\/wp-json\/wp\/v2\/types\/page"}],"author":[{"embeddable":true,"href":"https:\/\/aerotaxisdemexico.com\/es\/wp-json\/wp\/v2\/users\/1"}],"replies":[{"embeddable":true,"href":"https:\/\/aerotaxisdemexico.com\/es\/wp-json\/wp\/v2\/comments?post=386"}],"version-history":[{"count":16,"href":"https:\/\/aerotaxisdemexico.com\/es\/wp-json\/wp\/v2\/pages\/386\/revisions"}],"predecessor-version":[{"id":606,"href":"https:\/\/aerotaxisdemexico.com\/es\/wp-json\/wp\/v2\/pages\/386\/revisions\/606"}],"up":[{"embeddable":true,"href":"https:\/\/aerotaxisdemexico.com\/es\/wp-json\/wp\/v2\/pages\/12"}],"wp:attachment":[{"href":"https:\/\/aerotaxisdemexico.com\/es\/wp-json\/wp\/v2\/media?parent=386"}],"curies":[{"name":"wp","href":"https:\/\/api.w.org\/{rel}","templated":true}]}}