{"id":343,"date":"2022-07-20T22:27:11","date_gmt":"2022-07-20T22:27:11","guid":{"rendered":"https:\/\/aerotucan.miwebminegocio.com\/?page_id=343"},"modified":"2022-07-20T22:28:25","modified_gmt":"2022-07-20T22:28:25","slug":"privacy-policy-2","status":"publish","type":"page","link":"https:\/\/aerotaxisdemexico.com\/es\/privacy-policy-2\/","title":{"rendered":"Pol\u00edticas de privacidad"},"content":{"rendered":"<div data-elementor-type=\"wp-page\" data-elementor-id=\"343\" class=\"elementor elementor-343\" data-elementor-post-type=\"page\">\n\t\t\t\t\t\t\t\t\t<section class=\"elementor-section elementor-top-section elementor-element elementor-element-4aeb6e8b elementor-section-height-min-height elementor-section-full_width elementor-section-height-default elementor-section-items-middle\" data-id=\"4aeb6e8b\" data-element_type=\"section\" data-settings=\"{&quot;background_background&quot;:&quot;classic&quot;,&quot;_ha_eqh_enable&quot;:false}\">\n\t\t\t\t\t\t<div class=\"elementor-container elementor-column-gap-no\">\n\t\t\t\t\t<div class=\"elementor-column elementor-col-100 elementor-top-column elementor-element elementor-element-488d5f0d\" data-id=\"488d5f0d\" data-element_type=\"column\">\n\t\t\t<div class=\"elementor-widget-wrap elementor-element-populated\">\n\t\t\t\t\t\t\t\t<div class=\"elementor-element elementor-element-505b4214 elementor-widget elementor-widget-heading\" data-id=\"505b4214\" data-element_type=\"widget\" data-widget_type=\"heading.default\">\n\t\t\t\t<div class=\"elementor-widget-container\">\n\t\t\t<h2 class=\"elementor-heading-title elementor-size-default\">Pol\u00edticas de privacidad<\/h2>\t\t<\/div>\n\t\t\t\t<\/div>\n\t\t\t\t\t<\/div>\n\t\t<\/div>\n\t\t\t\t\t\t\t<\/div>\n\t\t<\/section>\n\t\t\t\t<section class=\"elementor-section elementor-top-section elementor-element elementor-element-3a168422 elementor-section-boxed elementor-section-height-default elementor-section-height-default\" data-id=\"3a168422\" data-element_type=\"section\" data-settings=\"{&quot;_ha_eqh_enable&quot;:false}\">\n\t\t\t\t\t\t<div class=\"elementor-container elementor-column-gap-default\">\n\t\t\t\t\t<div class=\"elementor-column elementor-col-100 elementor-top-column elementor-element elementor-element-560a8453\" data-id=\"560a8453\" data-element_type=\"column\">\n\t\t\t<div class=\"elementor-widget-wrap elementor-element-populated\">\n\t\t\t\t\t\t\t\t<div class=\"elementor-element elementor-element-2ab16d17 elementor-widget elementor-widget-text-editor\" data-id=\"2ab16d17\" data-element_type=\"widget\" data-widget_type=\"text-editor.default\">\n\t\t\t\t<div class=\"elementor-widget-container\">\n\t\t\t\t\t\t\t<p>Con fundamento en los art\u00edculos 15 y 16 de la Ley Federal de Protecci\u00f3n de Datos Personales en Posesi\u00f3n de los Particulares le informamos que Aerotuc\u00e1n Aerotaxis de M\u00e9xico S.A. de C.V., es responsable de recabar sus datos personales, del uso que se les d\u00e9 y de su protecci\u00f3n. Su informaci\u00f3n personal ser\u00e1 utilizada para las siguientes finalidades: proveer los servicios y productos que ha solicitado, notificarle sobre nuevos servicios o productos que est\u00e9n relacionados con los ya contratados o adquiridos, comunicarle cambios en los mismos, desarrollar estudios y programas que sean necesarios para determinar los h\u00e1bitos de consumo, realizar evaluaciones peri\u00f3dicas de nuestros productos y servicios con el fin de mejorar la calidad de los mismos, evaluar la calidad del servicio que le brindamos, y en general, para cumplir con las obligaciones que hemos contra\u00eddo con usted. Para las finalidades antes mencionadas, necesitamos obtener los siguientes datos personales:<\/p><p>Nombre completo<br \/>Age<br \/>Edad<br \/>Tel\u00e9fono<br \/>Correo electr\u00f3nico<br \/>Facebook, Twitter and\/or Linkedin ID<br \/>Direcci\u00f3n<br \/>RFC\/CURP<\/p>\t\t\t\t\t\t<\/div>\n\t\t\t\t<\/div>\n\t\t\t\t\t<\/div>\n\t\t<\/div>\n\t\t\t\t\t\t\t<\/div>\n\t\t<\/section>\n\t\t\t\t\t\t\t<\/div>","protected":false},"excerpt":{"rendered":"<p>Privacy Policy Based on articles 15 and 16 of the Federal Law of Protection of Personal Data in Possession of Individuals we inform you that Aerotuc\u00e1n Aerotaxis de M\u00e9xico S.A. de C.V., is responsible for collecting your personal data, the use given to them and their protection. Your personal information will be used for the [&hellip;]<\/p>","protected":false},"author":1,"featured_media":0,"parent":0,"menu_order":0,"comment_status":"closed","ping_status":"closed","template":"elementor_header_footer","meta":{"_monsterinsights_skip_tracking":false,"_monsterinsights_sitenote_active":false,"_monsterinsights_sitenote_note":"","_monsterinsights_sitenote_category":0,"footnotes":""},"class_list":["post-343","page","type-page","status-publish","hentry"],"yoast_head":"<!-- This site is optimized with the Yoast SEO Premium plugin v19.2 (Yoast SEO v20.13) - https:\/\/yoast.com\/wordpress\/plugins\/seo\/ -->\n<title>Privacy Policy | Aerotuc\u00e1n<\/title>\n<meta name=\"robots\" content=\"index, follow, max-snippet:-1, max-image-preview:large, max-video-preview:-1\" \/>\n<link rel=\"canonical\" href=\"https:\/\/aerotaxisdemexico.com\/es\/privacy-policy-2\/\" \/>\n<meta property=\"og:locale\" content=\"es_MX\" \/>\n<meta property=\"og:type\" content=\"article\" \/>\n<meta property=\"og:title\" content=\"Privacy Policy\" \/>\n<meta property=\"og:description\" content=\"Privacy Policy Based on articles 15 and 16 of the Federal Law of Protection of Personal Data in Possession of Individuals we inform you that Aerotuc\u00e1n Aerotaxis de M\u00e9xico S.A. de C.V., is responsible for collecting your personal data, the use given to them and their protection. Your personal information will be used for the [&hellip;]\" \/>\n<meta property=\"og:url\" content=\"https:\/\/aerotaxisdemexico.com\/es\/privacy-policy-2\/\" \/>\n<meta property=\"og:site_name\" content=\"Aerotuc\u00e1n\" \/>\n<meta property=\"article:publisher\" content=\"https:\/\/es-la.facebook.com\/AerotucanOaxaca\/\" \/>\n<meta property=\"article:modified_time\" content=\"2022-07-20T22:28:25+00:00\" \/>\n<meta name=\"twitter:card\" content=\"summary_large_image\" \/>\n<meta name=\"twitter:label1\" content=\"Tiempo de lectura\" \/>\n\t<meta name=\"twitter:data1\" content=\"1 minuto\" \/>\n<script type=\"application\/ld+json\" class=\"yoast-schema-graph\">{\"@context\":\"https:\/\/schema.org\",\"@graph\":[{\"@type\":\"WebPage\",\"@id\":\"https:\/\/aerotaxisdemexico.com\/privacy-policy-2\/\",\"url\":\"https:\/\/aerotaxisdemexico.com\/privacy-policy-2\/\",\"name\":\"Privacy Policy | Aerotuc\u00e1n\",\"isPartOf\":{\"@id\":\"https:\/\/aerotaxisdemexico.com\/#website\"},\"datePublished\":\"2022-07-20T22:27:11+00:00\",\"dateModified\":\"2022-07-20T22:28:25+00:00\",\"breadcrumb\":{\"@id\":\"https:\/\/aerotaxisdemexico.com\/privacy-policy-2\/#breadcrumb\"},\"inLanguage\":\"es\",\"potentialAction\":[{\"@type\":\"ReadAction\",\"target\":[\"https:\/\/aerotaxisdemexico.com\/privacy-policy-2\/\"]}]},{\"@type\":\"BreadcrumbList\",\"@id\":\"https:\/\/aerotaxisdemexico.com\/privacy-policy-2\/#breadcrumb\",\"itemListElement\":[{\"@type\":\"ListItem\",\"position\":1,\"name\":\"Home\",\"item\":\"https:\/\/aerotaxisdemexico.com\/\"},{\"@type\":\"ListItem\",\"position\":2,\"name\":\"Privacy Policy\"}]},{\"@type\":\"WebSite\",\"@id\":\"https:\/\/aerotaxisdemexico.com\/#website\",\"url\":\"https:\/\/aerotaxisdemexico.com\/\",\"name\":\"Aerotuc\u00e1n\",\"description\":\"AERO TAXI OAXACA\",\"publisher\":{\"@id\":\"https:\/\/aerotaxisdemexico.com\/#organization\"},\"potentialAction\":[{\"@type\":\"SearchAction\",\"target\":{\"@type\":\"EntryPoint\",\"urlTemplate\":\"https:\/\/aerotaxisdemexico.com\/?s={search_term_string}\"},\"query-input\":\"required name=search_term_string\"}],\"inLanguage\":\"es\"},{\"@type\":\"Organization\",\"@id\":\"https:\/\/aerotaxisdemexico.com\/#organization\",\"name\":\"AEROTUC\u00c1N\",\"url\":\"https:\/\/aerotaxisdemexico.com\/\",\"logo\":{\"@type\":\"ImageObject\",\"inLanguage\":\"es\",\"@id\":\"https:\/\/aerotaxisdemexico.com\/#\/schema\/logo\/image\/\",\"url\":\"http:\/\/aerotaxisdemexico.com\/wp-content\/uploads\/2022\/07\/aerotucan-logo.png\",\"contentUrl\":\"http:\/\/aerotaxisdemexico.com\/wp-content\/uploads\/2022\/07\/aerotucan-logo.png\",\"width\":241,\"height\":73,\"caption\":\"AEROTUC\u00c1N\"},\"image\":{\"@id\":\"https:\/\/aerotaxisdemexico.com\/#\/schema\/logo\/image\/\"},\"sameAs\":[\"https:\/\/es-la.facebook.com\/AerotucanOaxaca\/\",\"https:\/\/www.instagram.com\/aerotucan\/?hl=es\"]}]}<\/script>\n<!-- \/ Yoast SEO Premium plugin. -->","yoast_head_json":{"title":"Privacy Policy | Aerotuc\u00e1n","robots":{"index":"index","follow":"follow","max-snippet":"max-snippet:-1","max-image-preview":"max-image-preview:large","max-video-preview":"max-video-preview:-1"},"canonical":"https:\/\/aerotaxisdemexico.com\/es\/privacy-policy-2\/","og_locale":"es_MX","og_type":"article","og_title":"Privacy Policy","og_description":"Privacy Policy Based on articles 15 and 16 of the Federal Law of Protection of Personal Data in Possession of Individuals we inform you that Aerotuc\u00e1n Aerotaxis de M\u00e9xico S.A. de C.V., is responsible for collecting your personal data, the use given to them and their protection. Your personal information will be used for the [&hellip;]","og_url":"https:\/\/aerotaxisdemexico.com\/es\/privacy-policy-2\/","og_site_name":"Aerotuc\u00e1n","article_publisher":"https:\/\/es-la.facebook.com\/AerotucanOaxaca\/","article_modified_time":"2022-07-20T22:28:25+00:00","twitter_card":"summary_large_image","twitter_misc":{"Tiempo de lectura":"1 minuto"},"schema":{"@context":"https:\/\/schema.org","@graph":[{"@type":"WebPage","@id":"https:\/\/aerotaxisdemexico.com\/privacy-policy-2\/","url":"https:\/\/aerotaxisdemexico.com\/privacy-policy-2\/","name":"Privacy Policy | Aerotuc\u00e1n","isPartOf":{"@id":"https:\/\/aerotaxisdemexico.com\/#website"},"datePublished":"2022-07-20T22:27:11+00:00","dateModified":"2022-07-20T22:28:25+00:00","breadcrumb":{"@id":"https:\/\/aerotaxisdemexico.com\/privacy-policy-2\/#breadcrumb"},"inLanguage":"es","potentialAction":[{"@type":"ReadAction","target":["https:\/\/aerotaxisdemexico.com\/privacy-policy-2\/"]}]},{"@type":"BreadcrumbList","@id":"https:\/\/aerotaxisdemexico.com\/privacy-policy-2\/#breadcrumb","itemListElement":[{"@type":"ListItem","position":1,"name":"Home","item":"https:\/\/aerotaxisdemexico.com\/"},{"@type":"ListItem","position":2,"name":"Privacy Policy"}]},{"@type":"WebSite","@id":"https:\/\/aerotaxisdemexico.com\/#website","url":"https:\/\/aerotaxisdemexico.com\/","name":"Aerotuc\u00e1n","description":"AERO TAXI OAXACA","publisher":{"@id":"https:\/\/aerotaxisdemexico.com\/#organization"},"potentialAction":[{"@type":"SearchAction","target":{"@type":"EntryPoint","urlTemplate":"https:\/\/aerotaxisdemexico.com\/?s={search_term_string}"},"query-input":"required name=search_term_string"}],"inLanguage":"es"},{"@type":"Organization","@id":"https:\/\/aerotaxisdemexico.com\/#organization","name":"AEROTUC\u00c1N","url":"https:\/\/aerotaxisdemexico.com\/","logo":{"@type":"ImageObject","inLanguage":"es","@id":"https:\/\/aerotaxisdemexico.com\/#\/schema\/logo\/image\/","url":"http:\/\/aerotaxisdemexico.com\/wp-content\/uploads\/2022\/07\/aerotucan-logo.png","contentUrl":"http:\/\/aerotaxisdemexico.com\/wp-content\/uploads\/2022\/07\/aerotucan-logo.png","width":241,"height":73,"caption":"AEROTUC\u00c1N"},"image":{"@id":"https:\/\/aerotaxisdemexico.com\/#\/schema\/logo\/image\/"},"sameAs":["https:\/\/es-la.facebook.com\/AerotucanOaxaca\/","https:\/\/www.instagram.com\/aerotucan\/?hl=es"]}]}},"_links":{"self":[{"href":"https:\/\/aerotaxisdemexico.com\/es\/wp-json\/wp\/v2\/pages\/343","targetHints":{"allow":["GET"]}}],"collection":[{"href":"https:\/\/aerotaxisdemexico.com\/es\/wp-json\/wp\/v2\/pages"}],"about":[{"href":"https:\/\/aerotaxisdemexico.com\/es\/wp-json\/wp\/v2\/types\/page"}],"author":[{"embeddable":true,"href":"https:\/\/aerotaxisdemexico.com\/es\/wp-json\/wp\/v2\/users\/1"}],"replies":[{"embeddable":true,"href":"https:\/\/aerotaxisdemexico.com\/es\/wp-json\/wp\/v2\/comments?post=343"}],"version-history":[{"count":4,"href":"https:\/\/aerotaxisdemexico.com\/es\/wp-json\/wp\/v2\/pages\/343\/revisions"}],"predecessor-version":[{"id":347,"href":"https:\/\/aerotaxisdemexico.com\/es\/wp-json\/wp\/v2\/pages\/343\/revisions\/347"}],"wp:attachment":[{"href":"https:\/\/aerotaxisdemexico.com\/es\/wp-json\/wp\/v2\/media?parent=343"}],"curies":[{"name":"wp","href":"https:\/\/api.w.org\/{rel}","templated":true}]}}