{"id":20,"date":"2022-07-19T15:35:11","date_gmt":"2022-07-19T15:35:11","guid":{"rendered":"https:\/\/aerotucan.miwebminegocio.com\/?page_id=20"},"modified":"2022-09-03T16:03:37","modified_gmt":"2022-09-03T16:03:37","slug":"about-us","status":"publish","type":"page","link":"https:\/\/aerotaxisdemexico.com\/es\/about-us\/","title":{"rendered":"Nosotros"},"content":{"rendered":"<div data-elementor-type=\"wp-page\" data-elementor-id=\"20\" class=\"elementor elementor-20\" data-elementor-post-type=\"page\">\n\t\t\t\t\t\t\t\t\t<section class=\"elementor-section elementor-top-section elementor-element elementor-element-421101ba elementor-section-height-min-height elementor-section-full_width elementor-section-height-default elementor-section-items-middle\" data-id=\"421101ba\" data-element_type=\"section\" data-settings=\"{&quot;background_background&quot;:&quot;classic&quot;,&quot;_ha_eqh_enable&quot;:false}\">\n\t\t\t\t\t\t<div class=\"elementor-container elementor-column-gap-no\">\n\t\t\t\t\t<div class=\"elementor-column elementor-col-33 elementor-top-column elementor-element elementor-element-79abb3f\" data-id=\"79abb3f\" data-element_type=\"column\">\n\t\t\t<div class=\"elementor-widget-wrap elementor-element-populated\">\n\t\t\t\t\t\t\t\t<div class=\"elementor-element elementor-element-ea92a5c elementor-widget elementor-widget-spacer\" data-id=\"ea92a5c\" data-element_type=\"widget\" data-widget_type=\"spacer.default\">\n\t\t\t\t<div class=\"elementor-widget-container\">\n\t\t\t\t\t<div class=\"elementor-spacer\">\n\t\t\t<div class=\"elementor-spacer-inner\"><\/div>\n\t\t<\/div>\n\t\t\t\t<\/div>\n\t\t\t\t<\/div>\n\t\t\t\t\t<\/div>\n\t\t<\/div>\n\t\t\t\t<div class=\"elementor-column elementor-col-33 elementor-top-column elementor-element elementor-element-1fc80e40\" data-id=\"1fc80e40\" data-element_type=\"column\">\n\t\t\t<div class=\"elementor-widget-wrap elementor-element-populated\">\n\t\t\t\t\t\t\t\t<div class=\"elementor-element elementor-element-39800a0f elementor-widget elementor-widget-heading\" data-id=\"39800a0f\" data-element_type=\"widget\" data-widget_type=\"heading.default\">\n\t\t\t\t<div class=\"elementor-widget-container\">\n\t\t\t<h2 class=\"elementor-heading-title elementor-size-default\">Nosotros<\/h2>\t\t<\/div>\n\t\t\t\t<\/div>\n\t\t\t\t<div class=\"elementor-element elementor-element-6cc66a82 elementor-widget elementor-widget-heading\" data-id=\"6cc66a82\" data-element_type=\"widget\" data-widget_type=\"heading.default\">\n\t\t\t\t<div class=\"elementor-widget-container\">\n\t\t\t<p class=\"elementor-heading-title elementor-size-default\">Comunicar el Sureste de M\u00e9xico de forma econ\u00f3mica, de forma segura y con un servicio de excelencia.<\/p>\t\t<\/div>\n\t\t\t\t<\/div>\n\t\t\t\t\t<\/div>\n\t\t<\/div>\n\t\t\t\t<div class=\"elementor-column elementor-col-33 elementor-top-column elementor-element elementor-element-281c2fd8\" data-id=\"281c2fd8\" data-element_type=\"column\">\n\t\t\t<div class=\"elementor-widget-wrap elementor-element-populated\">\n\t\t\t\t\t\t\t\t<div class=\"elementor-element elementor-element-91c3e7c elementor-widget elementor-widget-image\" data-id=\"91c3e7c\" data-element_type=\"widget\" data-widget_type=\"image.default\">\n\t\t\t\t<div class=\"elementor-widget-container\">\n\t\t\t\t\t\t\t\t\t\t\t\t\t\t\t<img loading=\"lazy\" decoding=\"async\" width=\"756\" height=\"571\" src=\"https:\/\/aerotaxisdemexico.com\/wp-content\/uploads\/2022\/07\/plane-aerotucan-about-us.png\" class=\"attachment-large size-large wp-image-252\" alt=\"\" srcset=\"https:\/\/aerotaxisdemexico.com\/wp-content\/uploads\/2022\/07\/plane-aerotucan-about-us.png 756w, https:\/\/aerotaxisdemexico.com\/wp-content\/uploads\/2022\/07\/plane-aerotucan-about-us-300x227.png 300w\" sizes=\"auto, (max-width: 756px) 100vw, 756px\" \/>\t\t\t\t\t\t\t\t\t\t\t\t\t\t\t<\/div>\n\t\t\t\t<\/div>\n\t\t\t\t\t<\/div>\n\t\t<\/div>\n\t\t\t\t\t\t\t<\/div>\n\t\t<\/section>\n\t\t\t\t<section class=\"elementor-section elementor-top-section elementor-element elementor-element-0f72b0d elementor-section-boxed elementor-section-height-default elementor-section-height-default\" data-id=\"0f72b0d\" data-element_type=\"section\" data-settings=\"{&quot;_ha_eqh_enable&quot;:false}\">\n\t\t\t\t\t\t<div class=\"elementor-container elementor-column-gap-default\">\n\t\t\t\t\t<div class=\"elementor-column elementor-col-100 elementor-top-column elementor-element elementor-element-3dcc3d0\" data-id=\"3dcc3d0\" data-element_type=\"column\">\n\t\t\t<div class=\"elementor-widget-wrap elementor-element-populated\">\n\t\t\t\t\t\t\t\t<div class=\"elementor-element elementor-element-995cb30 elementor-widget elementor-widget-text-editor\" data-id=\"995cb30\" data-element_type=\"widget\" data-widget_type=\"text-editor.default\">\n\t\t\t\t<div class=\"elementor-widget-container\">\n\t\t\t\t\t\t\t<p>Empresa oaxaque\u00f1a fundada en 2001 por la necesidad de comunicaci\u00f3n a\u00e9rea entre las regiones costeras del estado de Oaxaca y Tuxtla Guti\u00e9rrez.<\/p><p>Es as\u00ed como Aerotucan comenz\u00f3 a operar con aeronaves Cessna Grand Caravan, siendo \u00e9stas las ideales para el tipo de servicios que ofrece, las cuales adem\u00e1s cuentan con permisos para operar como taxis a\u00e9reos y con pasajeros en vuelos no regulares.<\/p><p>Es aqu\u00ed donde radica la fortaleza de nuestra empresa, ya que al contar con el permiso de vuelos no regulares, nos permite tener una gran flexibilidad para ofrecer al cliente los vuelos necesarios seg\u00fan el n\u00famero de pasajeros o con el horario m\u00e1s adecuado a sus necesidades. Nuestras aeronaves est\u00e1n certificadas por la D.G.A.C. para ser operadas por un solo piloto. Mantenemos una tarifa \u00fanica en temporada alta y baja.<\/p><p>Somos parte de la gran familia de operadores de Cessnas Gran Caravans en el mundo y nuestra misi\u00f3n es comunicar el sureste de M\u00e9xico, de manera econ\u00f3mica, segura y con un excelente servicio.<\/p>\t\t\t\t\t\t<\/div>\n\t\t\t\t<\/div>\n\t\t\t\t\t<\/div>\n\t\t<\/div>\n\t\t\t\t\t\t\t<\/div>\n\t\t<\/section>\n\t\t\t\t<section class=\"elementor-section elementor-top-section elementor-element elementor-element-7d23cbe elementor-section-content-middle elementor-section-boxed elementor-section-height-default elementor-section-height-default\" data-id=\"7d23cbe\" data-element_type=\"section\" data-settings=\"{&quot;_ha_eqh_enable&quot;:false}\">\n\t\t\t\t\t\t<div class=\"elementor-container elementor-column-gap-default\">\n\t\t\t\t\t<div class=\"elementor-column elementor-col-50 elementor-top-column elementor-element elementor-element-881fe7d\" data-id=\"881fe7d\" data-element_type=\"column\">\n\t\t\t<div class=\"elementor-widget-wrap elementor-element-populated\">\n\t\t\t\t\t\t\t\t<section class=\"elementor-section elementor-inner-section elementor-element elementor-element-ce8aae1 elementor-section-boxed elementor-section-height-default elementor-section-height-default\" data-id=\"ce8aae1\" data-element_type=\"section\" data-settings=\"{&quot;_ha_eqh_enable&quot;:false}\">\n\t\t\t\t\t\t<div class=\"elementor-container elementor-column-gap-default\">\n\t\t\t\t\t<div class=\"elementor-column elementor-col-50 elementor-inner-column elementor-element elementor-element-bc409c3\" data-id=\"bc409c3\" data-element_type=\"column\">\n\t\t\t<div class=\"elementor-widget-wrap elementor-element-populated\">\n\t\t\t\t\t\t\t\t<div class=\"elementor-element elementor-element-4f51725 elementor-widget elementor-widget-image\" data-id=\"4f51725\" data-element_type=\"widget\" data-widget_type=\"image.default\">\n\t\t\t\t<div class=\"elementor-widget-container\">\n\t\t\t\t\t\t\t\t\t\t\t\t\t\t\t<img loading=\"lazy\" decoding=\"async\" width=\"305\" height=\"220\" src=\"https:\/\/aerotaxisdemexico.com\/wp-content\/uploads\/2022\/07\/aerotucan-exterior.jpg\" class=\"attachment-large size-large wp-image-255\" alt=\"\" srcset=\"https:\/\/aerotaxisdemexico.com\/wp-content\/uploads\/2022\/07\/aerotucan-exterior.jpg 305w, https:\/\/aerotaxisdemexico.com\/wp-content\/uploads\/2022\/07\/aerotucan-exterior-300x216.jpg 300w\" sizes=\"auto, (max-width: 305px) 100vw, 305px\" \/>\t\t\t\t\t\t\t\t\t\t\t\t\t\t\t<\/div>\n\t\t\t\t<\/div>\n\t\t\t\t<div class=\"elementor-element elementor-element-ee0eefa elementor-widget elementor-widget-image\" data-id=\"ee0eefa\" data-element_type=\"widget\" data-widget_type=\"image.default\">\n\t\t\t\t<div class=\"elementor-widget-container\">\n\t\t\t\t\t\t\t\t\t\t\t\t\t\t\t<img loading=\"lazy\" decoding=\"async\" width=\"302\" height=\"227\" src=\"https:\/\/aerotaxisdemexico.com\/wp-content\/uploads\/2022\/07\/interior-view-aerotucan.jpg\" class=\"attachment-large size-large wp-image-257\" alt=\"\" srcset=\"https:\/\/aerotaxisdemexico.com\/wp-content\/uploads\/2022\/07\/interior-view-aerotucan.jpg 302w, https:\/\/aerotaxisdemexico.com\/wp-content\/uploads\/2022\/07\/interior-view-aerotucan-300x225.jpg 300w\" sizes=\"auto, (max-width: 302px) 100vw, 302px\" \/>\t\t\t\t\t\t\t\t\t\t\t\t\t\t\t<\/div>\n\t\t\t\t<\/div>\n\t\t\t\t\t<\/div>\n\t\t<\/div>\n\t\t\t\t<div class=\"elementor-column elementor-col-50 elementor-inner-column elementor-element elementor-element-65d5728\" data-id=\"65d5728\" data-element_type=\"column\">\n\t\t\t<div class=\"elementor-widget-wrap elementor-element-populated\">\n\t\t\t\t\t\t\t\t<div class=\"elementor-element elementor-element-27dd11f elementor-widget elementor-widget-image\" data-id=\"27dd11f\" data-element_type=\"widget\" data-widget_type=\"image.default\">\n\t\t\t\t<div class=\"elementor-widget-container\">\n\t\t\t\t\t\t\t\t\t\t\t\t\t\t\t<img loading=\"lazy\" decoding=\"async\" width=\"295\" height=\"221\" src=\"https:\/\/aerotaxisdemexico.com\/wp-content\/uploads\/2022\/07\/aerotucan-interior.jpg\" class=\"attachment-large size-large wp-image-254\" alt=\"\" \/>\t\t\t\t\t\t\t\t\t\t\t\t\t\t\t<\/div>\n\t\t\t\t<\/div>\n\t\t\t\t<div class=\"elementor-element elementor-element-ef37cfa elementor-widget elementor-widget-image\" data-id=\"ef37cfa\" data-element_type=\"widget\" data-widget_type=\"image.default\">\n\t\t\t\t<div class=\"elementor-widget-container\">\n\t\t\t\t\t\t\t\t\t\t\t\t\t\t\t<img loading=\"lazy\" decoding=\"async\" width=\"298\" height=\"224\" src=\"https:\/\/aerotaxisdemexico.com\/wp-content\/uploads\/2022\/07\/onbording-aerotucan.jpg\" class=\"attachment-large size-large wp-image-256\" alt=\"\" \/>\t\t\t\t\t\t\t\t\t\t\t\t\t\t\t<\/div>\n\t\t\t\t<\/div>\n\t\t\t\t\t<\/div>\n\t\t<\/div>\n\t\t\t\t\t\t\t<\/div>\n\t\t<\/section>\n\t\t\t\t\t<\/div>\n\t\t<\/div>\n\t\t\t\t<div class=\"elementor-column elementor-col-50 elementor-top-column elementor-element elementor-element-9110b40\" data-id=\"9110b40\" data-element_type=\"column\">\n\t\t\t<div class=\"elementor-widget-wrap elementor-element-populated\">\n\t\t\t\t\t\t\t\t<div class=\"elementor-element elementor-element-561db48 elementor-widget elementor-widget-image\" data-id=\"561db48\" data-element_type=\"widget\" data-widget_type=\"image.default\">\n\t\t\t\t<div class=\"elementor-widget-container\">\n\t\t\t\t\t\t\t\t\t\t\t\t\t\t\t<img loading=\"lazy\" decoding=\"async\" width=\"369\" height=\"472\" src=\"https:\/\/aerotaxisdemexico.com\/wp-content\/uploads\/2022\/07\/plane-aerotucan.jpg\" class=\"attachment-large size-large wp-image-258\" alt=\"\" srcset=\"https:\/\/aerotaxisdemexico.com\/wp-content\/uploads\/2022\/07\/plane-aerotucan.jpg 369w, https:\/\/aerotaxisdemexico.com\/wp-content\/uploads\/2022\/07\/plane-aerotucan-235x300.jpg 235w\" sizes=\"auto, (max-width: 369px) 100vw, 369px\" \/>\t\t\t\t\t\t\t\t\t\t\t\t\t\t\t<\/div>\n\t\t\t\t<\/div>\n\t\t\t\t\t<\/div>\n\t\t<\/div>\n\t\t\t\t\t\t\t<\/div>\n\t\t<\/section>\n\t\t\t\t\t\t\t<\/div>","protected":false},"excerpt":{"rendered":"<p>About us Communicate the Southeast of Mexico, Economically, Safely and with an Excellent Service and with a Service of Excellence Oaxacan company founded in 2001 due to the need for air communication between the coastal regions of the state of Oaxaca and Tuxtla Gutierrez. This is how Aerotucan began operations with Cessna Grand Caravan aircrafts, [&hellip;]<\/p>","protected":false},"author":1,"featured_media":0,"parent":0,"menu_order":0,"comment_status":"closed","ping_status":"closed","template":"elementor_header_footer","meta":{"_monsterinsights_skip_tracking":false,"_monsterinsights_sitenote_active":false,"_monsterinsights_sitenote_note":"","_monsterinsights_sitenote_category":0,"footnotes":""},"class_list":["post-20","page","type-page","status-publish","hentry"],"yoast_head":"<!-- This site is optimized with the Yoast SEO Premium plugin v19.2 (Yoast SEO v20.13) - https:\/\/yoast.com\/wordpress\/plugins\/seo\/ -->\n<title>About us | Aerotuc\u00e1n<\/title>\n<meta name=\"description\" content=\"About us, our history and service\" \/>\n<meta name=\"robots\" content=\"index, follow, max-snippet:-1, max-image-preview:large, max-video-preview:-1\" \/>\n<link rel=\"canonical\" href=\"https:\/\/aerotaxisdemexico.com\/es\/about-us\/\" \/>\n<meta property=\"og:locale\" content=\"es_MX\" \/>\n<meta property=\"og:type\" content=\"article\" \/>\n<meta property=\"og:title\" content=\"About us\" \/>\n<meta property=\"og:description\" content=\"About us, our history and service\" \/>\n<meta property=\"og:url\" content=\"https:\/\/aerotaxisdemexico.com\/es\/about-us\/\" \/>\n<meta property=\"og:site_name\" content=\"Aerotuc\u00e1n\" \/>\n<meta property=\"article:publisher\" content=\"https:\/\/es-la.facebook.com\/AerotucanOaxaca\/\" \/>\n<meta property=\"article:modified_time\" content=\"2022-09-03T16:03:37+00:00\" \/>\n<meta property=\"og:image\" content=\"http:\/\/aerotaxisdemexico.com\/wp-content\/uploads\/2022\/07\/plane-aerotucan-about-us.png\" \/>\n<meta name=\"twitter:card\" content=\"summary_large_image\" \/>\n<meta name=\"twitter:label1\" content=\"Tiempo de lectura\" \/>\n\t<meta name=\"twitter:data1\" content=\"3 minutos\" \/>\n<script type=\"application\/ld+json\" class=\"yoast-schema-graph\">{\"@context\":\"https:\/\/schema.org\",\"@graph\":[{\"@type\":\"WebPage\",\"@id\":\"https:\/\/aerotaxisdemexico.com\/about-us\/\",\"url\":\"https:\/\/aerotaxisdemexico.com\/about-us\/\",\"name\":\"About us | Aerotuc\u00e1n\",\"isPartOf\":{\"@id\":\"https:\/\/aerotaxisdemexico.com\/#website\"},\"datePublished\":\"2022-07-19T15:35:11+00:00\",\"dateModified\":\"2022-09-03T16:03:37+00:00\",\"description\":\"About us, our history and service\",\"breadcrumb\":{\"@id\":\"https:\/\/aerotaxisdemexico.com\/about-us\/#breadcrumb\"},\"inLanguage\":\"es\",\"potentialAction\":[{\"@type\":\"ReadAction\",\"target\":[\"https:\/\/aerotaxisdemexico.com\/about-us\/\"]}]},{\"@type\":\"BreadcrumbList\",\"@id\":\"https:\/\/aerotaxisdemexico.com\/about-us\/#breadcrumb\",\"itemListElement\":[{\"@type\":\"ListItem\",\"position\":1,\"name\":\"Home\",\"item\":\"https:\/\/aerotaxisdemexico.com\/\"},{\"@type\":\"ListItem\",\"position\":2,\"name\":\"About us\"}]},{\"@type\":\"WebSite\",\"@id\":\"https:\/\/aerotaxisdemexico.com\/#website\",\"url\":\"https:\/\/aerotaxisdemexico.com\/\",\"name\":\"Aerotuc\u00e1n\",\"description\":\"AERO TAXI OAXACA\",\"publisher\":{\"@id\":\"https:\/\/aerotaxisdemexico.com\/#organization\"},\"potentialAction\":[{\"@type\":\"SearchAction\",\"target\":{\"@type\":\"EntryPoint\",\"urlTemplate\":\"https:\/\/aerotaxisdemexico.com\/?s={search_term_string}\"},\"query-input\":\"required name=search_term_string\"}],\"inLanguage\":\"es\"},{\"@type\":\"Organization\",\"@id\":\"https:\/\/aerotaxisdemexico.com\/#organization\",\"name\":\"AEROTUC\u00c1N\",\"url\":\"https:\/\/aerotaxisdemexico.com\/\",\"logo\":{\"@type\":\"ImageObject\",\"inLanguage\":\"es\",\"@id\":\"https:\/\/aerotaxisdemexico.com\/#\/schema\/logo\/image\/\",\"url\":\"http:\/\/aerotaxisdemexico.com\/wp-content\/uploads\/2022\/07\/aerotucan-logo.png\",\"contentUrl\":\"http:\/\/aerotaxisdemexico.com\/wp-content\/uploads\/2022\/07\/aerotucan-logo.png\",\"width\":241,\"height\":73,\"caption\":\"AEROTUC\u00c1N\"},\"image\":{\"@id\":\"https:\/\/aerotaxisdemexico.com\/#\/schema\/logo\/image\/\"},\"sameAs\":[\"https:\/\/es-la.facebook.com\/AerotucanOaxaca\/\",\"https:\/\/www.instagram.com\/aerotucan\/?hl=es\"]}]}<\/script>\n<!-- \/ Yoast SEO Premium plugin. -->","yoast_head_json":{"title":"About us | Aerotuc\u00e1n","description":"About us, our history and service","robots":{"index":"index","follow":"follow","max-snippet":"max-snippet:-1","max-image-preview":"max-image-preview:large","max-video-preview":"max-video-preview:-1"},"canonical":"https:\/\/aerotaxisdemexico.com\/es\/about-us\/","og_locale":"es_MX","og_type":"article","og_title":"About us","og_description":"About us, our history and service","og_url":"https:\/\/aerotaxisdemexico.com\/es\/about-us\/","og_site_name":"Aerotuc\u00e1n","article_publisher":"https:\/\/es-la.facebook.com\/AerotucanOaxaca\/","article_modified_time":"2022-09-03T16:03:37+00:00","og_image":[{"url":"http:\/\/aerotaxisdemexico.com\/wp-content\/uploads\/2022\/07\/plane-aerotucan-about-us.png"}],"twitter_card":"summary_large_image","twitter_misc":{"Tiempo de lectura":"3 minutos"},"schema":{"@context":"https:\/\/schema.org","@graph":[{"@type":"WebPage","@id":"https:\/\/aerotaxisdemexico.com\/about-us\/","url":"https:\/\/aerotaxisdemexico.com\/about-us\/","name":"About us | Aerotuc\u00e1n","isPartOf":{"@id":"https:\/\/aerotaxisdemexico.com\/#website"},"datePublished":"2022-07-19T15:35:11+00:00","dateModified":"2022-09-03T16:03:37+00:00","description":"About us, our history and service","breadcrumb":{"@id":"https:\/\/aerotaxisdemexico.com\/about-us\/#breadcrumb"},"inLanguage":"es","potentialAction":[{"@type":"ReadAction","target":["https:\/\/aerotaxisdemexico.com\/about-us\/"]}]},{"@type":"BreadcrumbList","@id":"https:\/\/aerotaxisdemexico.com\/about-us\/#breadcrumb","itemListElement":[{"@type":"ListItem","position":1,"name":"Home","item":"https:\/\/aerotaxisdemexico.com\/"},{"@type":"ListItem","position":2,"name":"About us"}]},{"@type":"WebSite","@id":"https:\/\/aerotaxisdemexico.com\/#website","url":"https:\/\/aerotaxisdemexico.com\/","name":"Aerotuc\u00e1n","description":"AERO TAXI OAXACA","publisher":{"@id":"https:\/\/aerotaxisdemexico.com\/#organization"},"potentialAction":[{"@type":"SearchAction","target":{"@type":"EntryPoint","urlTemplate":"https:\/\/aerotaxisdemexico.com\/?s={search_term_string}"},"query-input":"required name=search_term_string"}],"inLanguage":"es"},{"@type":"Organization","@id":"https:\/\/aerotaxisdemexico.com\/#organization","name":"AEROTUC\u00c1N","url":"https:\/\/aerotaxisdemexico.com\/","logo":{"@type":"ImageObject","inLanguage":"es","@id":"https:\/\/aerotaxisdemexico.com\/#\/schema\/logo\/image\/","url":"http:\/\/aerotaxisdemexico.com\/wp-content\/uploads\/2022\/07\/aerotucan-logo.png","contentUrl":"http:\/\/aerotaxisdemexico.com\/wp-content\/uploads\/2022\/07\/aerotucan-logo.png","width":241,"height":73,"caption":"AEROTUC\u00c1N"},"image":{"@id":"https:\/\/aerotaxisdemexico.com\/#\/schema\/logo\/image\/"},"sameAs":["https:\/\/es-la.facebook.com\/AerotucanOaxaca\/","https:\/\/www.instagram.com\/aerotucan\/?hl=es"]}]}},"_links":{"self":[{"href":"https:\/\/aerotaxisdemexico.com\/es\/wp-json\/wp\/v2\/pages\/20","targetHints":{"allow":["GET"]}}],"collection":[{"href":"https:\/\/aerotaxisdemexico.com\/es\/wp-json\/wp\/v2\/pages"}],"about":[{"href":"https:\/\/aerotaxisdemexico.com\/es\/wp-json\/wp\/v2\/types\/page"}],"author":[{"embeddable":true,"href":"https:\/\/aerotaxisdemexico.com\/es\/wp-json\/wp\/v2\/users\/1"}],"replies":[{"embeddable":true,"href":"https:\/\/aerotaxisdemexico.com\/es\/wp-json\/wp\/v2\/comments?post=20"}],"version-history":[{"count":40,"href":"https:\/\/aerotaxisdemexico.com\/es\/wp-json\/wp\/v2\/pages\/20\/revisions"}],"predecessor-version":[{"id":454,"href":"https:\/\/aerotaxisdemexico.com\/es\/wp-json\/wp\/v2\/pages\/20\/revisions\/454"}],"wp:attachment":[{"href":"https:\/\/aerotaxisdemexico.com\/es\/wp-json\/wp\/v2\/media?parent=20"}],"curies":[{"name":"wp","href":"https:\/\/api.w.org\/{rel}","templated":true}]}}