{"id":18,"date":"2022-07-19T15:34:55","date_gmt":"2022-07-19T15:34:55","guid":{"rendered":"https:\/\/aerotucan.miwebminegocio.com\/?page_id=18"},"modified":"2022-09-03T16:02:45","modified_gmt":"2022-09-03T16:02:45","slug":"offers","status":"publish","type":"page","link":"https:\/\/aerotaxisdemexico.com\/es\/offers\/","title":{"rendered":"Ofertas"},"content":{"rendered":"<div data-elementor-type=\"wp-page\" data-elementor-id=\"18\" class=\"elementor elementor-18\" data-elementor-post-type=\"page\">\n\t\t\t\t\t\t\t\t\t<section class=\"elementor-section elementor-top-section elementor-element elementor-element-321a1542 elementor-section-height-min-height elementor-section-full_width elementor-section-height-default elementor-section-items-middle\" data-id=\"321a1542\" data-element_type=\"section\" data-settings=\"{&quot;background_background&quot;:&quot;classic&quot;,&quot;_ha_eqh_enable&quot;:false}\">\n\t\t\t\t\t\t<div class=\"elementor-container elementor-column-gap-no\">\n\t\t\t\t\t<div class=\"elementor-column elementor-col-100 elementor-top-column elementor-element elementor-element-16e5fdf9\" data-id=\"16e5fdf9\" data-element_type=\"column\">\n\t\t\t<div class=\"elementor-widget-wrap elementor-element-populated\">\n\t\t\t\t\t\t\t\t<div class=\"elementor-element elementor-element-2531ac5 elementor-widget elementor-widget-image\" data-id=\"2531ac5\" data-element_type=\"widget\" data-widget_type=\"image.default\">\n\t\t\t\t<div class=\"elementor-widget-container\">\n\t\t\t\t\t\t\t\t\t\t\t\t\t\t\t<img loading=\"lazy\" decoding=\"async\" width=\"800\" height=\"683\" src=\"https:\/\/aerotaxisdemexico.com\/wp-content\/uploads\/2022\/07\/OFERTAS-DESCUENTOS-EN-1024x874.png\" class=\"attachment-large size-large wp-image-322\" alt=\"FLIGHT OAXACA OFFERS\" srcset=\"https:\/\/aerotaxisdemexico.com\/wp-content\/uploads\/2022\/07\/OFERTAS-DESCUENTOS-EN-1024x874.png 1024w, https:\/\/aerotaxisdemexico.com\/wp-content\/uploads\/2022\/07\/OFERTAS-DESCUENTOS-EN-300x256.png 300w, https:\/\/aerotaxisdemexico.com\/wp-content\/uploads\/2022\/07\/OFERTAS-DESCUENTOS-EN-768x655.png 768w, https:\/\/aerotaxisdemexico.com\/wp-content\/uploads\/2022\/07\/OFERTAS-DESCUENTOS-EN-1536x1311.png 1536w, https:\/\/aerotaxisdemexico.com\/wp-content\/uploads\/2022\/07\/OFERTAS-DESCUENTOS-EN-2048x1748.png 2048w\" sizes=\"auto, (max-width: 800px) 100vw, 800px\" \/>\t\t\t\t\t\t\t\t\t\t\t\t\t\t\t<\/div>\n\t\t\t\t<\/div>\n\t\t\t\t\t<\/div>\n\t\t<\/div>\n\t\t\t\t\t\t\t<\/div>\n\t\t<\/section>\n\t\t\t\t<section class=\"elementor-section elementor-top-section elementor-element elementor-element-7a757fd elementor-reverse-mobile elementor-section-boxed elementor-section-height-default elementor-section-height-default\" data-id=\"7a757fd\" data-element_type=\"section\" data-settings=\"{&quot;_ha_eqh_enable&quot;:false}\">\n\t\t\t\t\t\t<div class=\"elementor-container elementor-column-gap-default\">\n\t\t\t\t\t<div class=\"elementor-column elementor-col-50 elementor-top-column elementor-element elementor-element-576d965\" data-id=\"576d965\" data-element_type=\"column\">\n\t\t\t<div class=\"elementor-widget-wrap elementor-element-populated\">\n\t\t\t\t\t\t\t\t<div class=\"elementor-element elementor-element-53d72f1 elementor-widget elementor-widget-image\" data-id=\"53d72f1\" data-element_type=\"widget\" data-widget_type=\"image.default\">\n\t\t\t\t<div class=\"elementor-widget-container\">\n\t\t\t\t\t\t\t\t\t\t\t\t\t\t\t<img loading=\"lazy\" decoding=\"async\" width=\"800\" height=\"800\" src=\"https:\/\/aerotaxisdemexico.com\/wp-content\/uploads\/2022\/07\/aerotucan-flight-ticket-offer-1024x1024.png\" class=\"attachment-large size-large wp-image-323\" alt=\"\" srcset=\"https:\/\/aerotaxisdemexico.com\/wp-content\/uploads\/2022\/07\/aerotucan-flight-ticket-offer-1024x1024.png 1024w, https:\/\/aerotaxisdemexico.com\/wp-content\/uploads\/2022\/07\/aerotucan-flight-ticket-offer-300x300.png 300w, https:\/\/aerotaxisdemexico.com\/wp-content\/uploads\/2022\/07\/aerotucan-flight-ticket-offer-150x150.png 150w, https:\/\/aerotaxisdemexico.com\/wp-content\/uploads\/2022\/07\/aerotucan-flight-ticket-offer-768x768.png 768w, https:\/\/aerotaxisdemexico.com\/wp-content\/uploads\/2022\/07\/aerotucan-flight-ticket-offer.png 1080w\" sizes=\"auto, (max-width: 800px) 100vw, 800px\" \/>\t\t\t\t\t\t\t\t\t\t\t\t\t\t\t<\/div>\n\t\t\t\t<\/div>\n\t\t\t\t\t<\/div>\n\t\t<\/div>\n\t\t\t\t<div class=\"elementor-column elementor-col-50 elementor-top-column elementor-element elementor-element-bfef925\" data-id=\"bfef925\" data-element_type=\"column\">\n\t\t\t<div class=\"elementor-widget-wrap elementor-element-populated\">\n\t\t\t\t\t\t\t\t<div class=\"elementor-element elementor-element-4047aa6 elementor-widget elementor-widget-heading\" data-id=\"4047aa6\" data-element_type=\"widget\" data-widget_type=\"heading.default\">\n\t\t\t\t<div class=\"elementor-widget-container\">\n\t\t\t<h2 class=\"elementor-heading-title elementor-size-default\">Re\u00fane cinco boletos y obt\u00e9n el sexto gratis<\/h2>\t\t<\/div>\n\t\t\t\t<\/div>\n\t\t\t\t<div class=\"elementor-element elementor-element-e79c205 elementor-widget elementor-widget-text-editor\" data-id=\"e79c205\" data-element_type=\"widget\" data-widget_type=\"text-editor.default\">\n\t\t\t\t<div class=\"elementor-widget-container\">\n\t\t\t\t\t\t\t<p>Guarde sus billetes de avi\u00f3n a su nombre con Aerotucan y cuando re\u00fana 5 de ellos, c\u00e1mbielos por otro billete a su nombre de forma totalmente gratuita.<\/p>\t\t\t\t\t\t<\/div>\n\t\t\t\t<\/div>\n\t\t\t\t<div class=\"elementor-element elementor-element-bccc083 elementor-widget elementor-widget-heading\" data-id=\"bccc083\" data-element_type=\"widget\" data-widget_type=\"heading.default\">\n\t\t\t\t<div class=\"elementor-widget-container\">\n\t\t\t<p class=\"elementor-heading-title elementor-size-default\"><a href=\"#elementor-action:action=popup:open&settings=eyJpZCI6IjUyOCIsInRvZ2dsZSI6ZmFsc2V9\">Reglas de aplicaci\u00f3n<\/a><\/p>\t\t<\/div>\n\t\t\t\t<\/div>\n\t\t\t\t\t<\/div>\n\t\t<\/div>\n\t\t\t\t\t\t\t<\/div>\n\t\t<\/section>\n\t\t\t\t<section class=\"elementor-section elementor-top-section elementor-element elementor-element-5624de0 elementor-section-boxed elementor-section-height-default elementor-section-height-default\" data-id=\"5624de0\" data-element_type=\"section\" data-settings=\"{&quot;_ha_eqh_enable&quot;:false}\">\n\t\t\t\t\t\t<div class=\"elementor-container elementor-column-gap-default\">\n\t\t\t\t\t<div class=\"elementor-column elementor-col-50 elementor-top-column elementor-element elementor-element-405a1a8\" data-id=\"405a1a8\" data-element_type=\"column\">\n\t\t\t<div class=\"elementor-widget-wrap elementor-element-populated\">\n\t\t\t\t\t\t\t\t<div class=\"elementor-element elementor-element-64e22f7 elementor-widget elementor-widget-heading\" data-id=\"64e22f7\" data-element_type=\"widget\" data-widget_type=\"heading.default\">\n\t\t\t\t<div class=\"elementor-widget-container\">\n\t\t\t<h2 class=\"elementor-heading-title elementor-size-default\">10 + 1<\/h2>\t\t<\/div>\n\t\t\t\t<\/div>\n\t\t\t\t<div class=\"elementor-element elementor-element-e4c6018 elementor-widget elementor-widget-text-editor\" data-id=\"e4c6018\" data-element_type=\"widget\" data-widget_type=\"text-editor.default\">\n\t\t\t\t<div class=\"elementor-widget-container\">\n\t\t\t\t\t\t\t<p>Viaja en un grupo de diez y Aerotuc\u00e1n te regalar\u00e1 un billete m\u00e1s.<\/p>\t\t\t\t\t\t<\/div>\n\t\t\t\t<\/div>\n\t\t\t\t<div class=\"elementor-element elementor-element-4372407 elementor-widget elementor-widget-heading\" data-id=\"4372407\" data-element_type=\"widget\" data-widget_type=\"heading.default\">\n\t\t\t\t<div class=\"elementor-widget-container\">\n\t\t\t<p class=\"elementor-heading-title elementor-size-default\"><a href=\"#elementor-action:action=popup:open&settings=eyJpZCI6IjUzMSIsInRvZ2dsZSI6ZmFsc2V9\">Reglas de aplicaci\u00f3n<\/a><\/p>\t\t<\/div>\n\t\t\t\t<\/div>\n\t\t\t\t\t<\/div>\n\t\t<\/div>\n\t\t\t\t<div class=\"elementor-column elementor-col-50 elementor-top-column elementor-element elementor-element-9ab80f8\" data-id=\"9ab80f8\" data-element_type=\"column\">\n\t\t\t<div class=\"elementor-widget-wrap elementor-element-populated\">\n\t\t\t\t\t\t\t\t<div class=\"elementor-element elementor-element-9b8e8ca elementor-widget elementor-widget-image\" data-id=\"9b8e8ca\" data-element_type=\"widget\" data-widget_type=\"image.default\">\n\t\t\t\t<div class=\"elementor-widget-container\">\n\t\t\t\t\t\t\t\t\t\t\t\t\t\t\t<img loading=\"lazy\" decoding=\"async\" width=\"800\" height=\"527\" src=\"https:\/\/aerotaxisdemexico.com\/wp-content\/uploads\/2022\/07\/offer-ticket-flight-oaxaca.jpg\" class=\"attachment-large size-large wp-image-326\" alt=\"\" srcset=\"https:\/\/aerotaxisdemexico.com\/wp-content\/uploads\/2022\/07\/offer-ticket-flight-oaxaca.jpg 1000w, https:\/\/aerotaxisdemexico.com\/wp-content\/uploads\/2022\/07\/offer-ticket-flight-oaxaca-300x198.jpg 300w, https:\/\/aerotaxisdemexico.com\/wp-content\/uploads\/2022\/07\/offer-ticket-flight-oaxaca-768x506.jpg 768w\" sizes=\"auto, (max-width: 800px) 100vw, 800px\" \/>\t\t\t\t\t\t\t\t\t\t\t\t\t\t\t<\/div>\n\t\t\t\t<\/div>\n\t\t\t\t\t<\/div>\n\t\t<\/div>\n\t\t\t\t\t\t\t<\/div>\n\t\t<\/section>\n\t\t\t\t<section class=\"elementor-section elementor-top-section elementor-element elementor-element-7954684 elementor-reverse-mobile elementor-section-boxed elementor-section-height-default elementor-section-height-default\" data-id=\"7954684\" data-element_type=\"section\" data-settings=\"{&quot;_ha_eqh_enable&quot;:false}\">\n\t\t\t\t\t\t<div class=\"elementor-container elementor-column-gap-default\">\n\t\t\t\t\t<div class=\"elementor-column elementor-col-50 elementor-top-column elementor-element elementor-element-ff716c6\" data-id=\"ff716c6\" data-element_type=\"column\">\n\t\t\t<div class=\"elementor-widget-wrap elementor-element-populated\">\n\t\t\t\t\t\t\t\t<div class=\"elementor-element elementor-element-6384b87 elementor-widget elementor-widget-image\" data-id=\"6384b87\" data-element_type=\"widget\" data-widget_type=\"image.default\">\n\t\t\t\t<div class=\"elementor-widget-container\">\n\t\t\t\t\t\t\t\t\t\t\t\t\t\t\t<img loading=\"lazy\" decoding=\"async\" width=\"800\" height=\"520\" src=\"https:\/\/aerotaxisdemexico.com\/wp-content\/uploads\/2022\/07\/offer-aertotucan-thursday.jpg\" class=\"attachment-large size-large wp-image-327\" alt=\"\" srcset=\"https:\/\/aerotaxisdemexico.com\/wp-content\/uploads\/2022\/07\/offer-aertotucan-thursday.jpg 1000w, https:\/\/aerotaxisdemexico.com\/wp-content\/uploads\/2022\/07\/offer-aertotucan-thursday-300x195.jpg 300w, https:\/\/aerotaxisdemexico.com\/wp-content\/uploads\/2022\/07\/offer-aertotucan-thursday-768x499.jpg 768w\" sizes=\"auto, (max-width: 800px) 100vw, 800px\" \/>\t\t\t\t\t\t\t\t\t\t\t\t\t\t\t<\/div>\n\t\t\t\t<\/div>\n\t\t\t\t\t<\/div>\n\t\t<\/div>\n\t\t\t\t<div class=\"elementor-column elementor-col-50 elementor-top-column elementor-element elementor-element-40c82cb\" data-id=\"40c82cb\" data-element_type=\"column\">\n\t\t\t<div class=\"elementor-widget-wrap elementor-element-populated\">\n\t\t\t\t\t\t\t\t<div class=\"elementor-element elementor-element-6b9d86a elementor-widget elementor-widget-heading\" data-id=\"6b9d86a\" data-element_type=\"widget\" data-widget_type=\"heading.default\">\n\t\t\t\t<div class=\"elementor-widget-container\">\n\t\t\t<h2 class=\"elementor-heading-title elementor-size-default\">Preventa jueves<\/h2>\t\t<\/div>\n\t\t\t\t<\/div>\n\t\t\t\t<div class=\"elementor-element elementor-element-a7fc271 elementor-widget elementor-widget-text-editor\" data-id=\"a7fc271\" data-element_type=\"widget\" data-widget_type=\"text-editor.default\">\n\t\t\t\t<div class=\"elementor-widget-container\">\n\t\t\t\t\t\t\t<p>Aprovecha las ofertas especiales que Aerotuc\u00e1n tiene para ti cada jueves.<\/p>\t\t\t\t\t\t<\/div>\n\t\t\t\t<\/div>\n\t\t\t\t<div class=\"elementor-element elementor-element-7df67a2 elementor-widget elementor-widget-heading\" data-id=\"7df67a2\" data-element_type=\"widget\" data-widget_type=\"heading.default\">\n\t\t\t\t<div class=\"elementor-widget-container\">\n\t\t\t<p class=\"elementor-heading-title elementor-size-default\"><a href=\"#elementor-action:action=popup:open&settings=eyJpZCI6IjUzNCIsInRvZ2dsZSI6ZmFsc2V9\">Reglas de aplicaci\u00f3n<\/a><\/p>\t\t<\/div>\n\t\t\t\t<\/div>\n\t\t\t\t\t<\/div>\n\t\t<\/div>\n\t\t\t\t\t\t\t<\/div>\n\t\t<\/section>\n\t\t\t\t\t\t\t<\/div>","protected":false},"excerpt":{"rendered":"<p>Collect five tickets and get the sixth one free Save your flight tickets in your name with Aerotucan and when you collect 5 of them, exchange them for another ticket in your name totally free of charge. Application rules 10 + 1 Travel in a group of ten and Aerotuc\u00e1n will give you one more [&hellip;]<\/p>","protected":false},"author":1,"featured_media":0,"parent":0,"menu_order":0,"comment_status":"closed","ping_status":"closed","template":"elementor_header_footer","meta":{"_monsterinsights_skip_tracking":false,"_monsterinsights_sitenote_active":false,"_monsterinsights_sitenote_note":"","_monsterinsights_sitenote_category":0,"footnotes":""},"class_list":["post-18","page","type-page","status-publish","hentry"],"yoast_head":"<!-- This site is optimized with the Yoast SEO Premium plugin v19.2 (Yoast SEO v20.13) - https:\/\/yoast.com\/wordpress\/plugins\/seo\/ -->\n<title>Offers | Aertotuc\u00e1n<\/title>\n<meta name=\"description\" content=\"Discover offers and promotions on flights with us\" \/>\n<meta name=\"robots\" content=\"index, follow, max-snippet:-1, max-image-preview:large, max-video-preview:-1\" \/>\n<link rel=\"canonical\" href=\"https:\/\/aerotaxisdemexico.com\/es\/offers\/\" \/>\n<meta property=\"og:locale\" content=\"es_MX\" \/>\n<meta property=\"og:type\" content=\"article\" \/>\n<meta property=\"og:title\" content=\"Offers\" \/>\n<meta property=\"og:description\" content=\"Discover offers and promotions on flights with us\" \/>\n<meta property=\"og:url\" content=\"https:\/\/aerotaxisdemexico.com\/es\/offers\/\" \/>\n<meta property=\"og:site_name\" content=\"Aerotuc\u00e1n\" \/>\n<meta property=\"article:publisher\" content=\"https:\/\/es-la.facebook.com\/AerotucanOaxaca\/\" \/>\n<meta property=\"article:modified_time\" content=\"2022-09-03T16:02:45+00:00\" \/>\n<meta property=\"og:image\" content=\"http:\/\/aerotaxisdemexico.com\/wp-content\/uploads\/2022\/07\/OFERTAS-DESCUENTOS-EN-1024x874.png\" \/>\n<meta name=\"twitter:card\" content=\"summary_large_image\" \/>\n<meta name=\"twitter:label1\" content=\"Tiempo de lectura\" \/>\n\t<meta name=\"twitter:data1\" content=\"2 minutos\" \/>\n<script type=\"application\/ld+json\" class=\"yoast-schema-graph\">{\"@context\":\"https:\/\/schema.org\",\"@graph\":[{\"@type\":\"WebPage\",\"@id\":\"https:\/\/aerotaxisdemexico.com\/offers\/\",\"url\":\"https:\/\/aerotaxisdemexico.com\/offers\/\",\"name\":\"Offers | Aertotuc\u00e1n\",\"isPartOf\":{\"@id\":\"https:\/\/aerotaxisdemexico.com\/#website\"},\"datePublished\":\"2022-07-19T15:34:55+00:00\",\"dateModified\":\"2022-09-03T16:02:45+00:00\",\"description\":\"Discover offers and promotions on flights with us\",\"breadcrumb\":{\"@id\":\"https:\/\/aerotaxisdemexico.com\/offers\/#breadcrumb\"},\"inLanguage\":\"es\",\"potentialAction\":[{\"@type\":\"ReadAction\",\"target\":[\"https:\/\/aerotaxisdemexico.com\/offers\/\"]}]},{\"@type\":\"BreadcrumbList\",\"@id\":\"https:\/\/aerotaxisdemexico.com\/offers\/#breadcrumb\",\"itemListElement\":[{\"@type\":\"ListItem\",\"position\":1,\"name\":\"Home\",\"item\":\"https:\/\/aerotaxisdemexico.com\/\"},{\"@type\":\"ListItem\",\"position\":2,\"name\":\"Offers\"}]},{\"@type\":\"WebSite\",\"@id\":\"https:\/\/aerotaxisdemexico.com\/#website\",\"url\":\"https:\/\/aerotaxisdemexico.com\/\",\"name\":\"Aerotuc\u00e1n\",\"description\":\"AERO TAXI OAXACA\",\"publisher\":{\"@id\":\"https:\/\/aerotaxisdemexico.com\/#organization\"},\"potentialAction\":[{\"@type\":\"SearchAction\",\"target\":{\"@type\":\"EntryPoint\",\"urlTemplate\":\"https:\/\/aerotaxisdemexico.com\/?s={search_term_string}\"},\"query-input\":\"required name=search_term_string\"}],\"inLanguage\":\"es\"},{\"@type\":\"Organization\",\"@id\":\"https:\/\/aerotaxisdemexico.com\/#organization\",\"name\":\"AEROTUC\u00c1N\",\"url\":\"https:\/\/aerotaxisdemexico.com\/\",\"logo\":{\"@type\":\"ImageObject\",\"inLanguage\":\"es\",\"@id\":\"https:\/\/aerotaxisdemexico.com\/#\/schema\/logo\/image\/\",\"url\":\"http:\/\/aerotaxisdemexico.com\/wp-content\/uploads\/2022\/07\/aerotucan-logo.png\",\"contentUrl\":\"http:\/\/aerotaxisdemexico.com\/wp-content\/uploads\/2022\/07\/aerotucan-logo.png\",\"width\":241,\"height\":73,\"caption\":\"AEROTUC\u00c1N\"},\"image\":{\"@id\":\"https:\/\/aerotaxisdemexico.com\/#\/schema\/logo\/image\/\"},\"sameAs\":[\"https:\/\/es-la.facebook.com\/AerotucanOaxaca\/\",\"https:\/\/www.instagram.com\/aerotucan\/?hl=es\"]}]}<\/script>\n<!-- \/ Yoast SEO Premium plugin. -->","yoast_head_json":{"title":"Offers | Aertotuc\u00e1n","description":"Discover offers and promotions on flights with us","robots":{"index":"index","follow":"follow","max-snippet":"max-snippet:-1","max-image-preview":"max-image-preview:large","max-video-preview":"max-video-preview:-1"},"canonical":"https:\/\/aerotaxisdemexico.com\/es\/offers\/","og_locale":"es_MX","og_type":"article","og_title":"Offers","og_description":"Discover offers and promotions on flights with us","og_url":"https:\/\/aerotaxisdemexico.com\/es\/offers\/","og_site_name":"Aerotuc\u00e1n","article_publisher":"https:\/\/es-la.facebook.com\/AerotucanOaxaca\/","article_modified_time":"2022-09-03T16:02:45+00:00","og_image":[{"url":"http:\/\/aerotaxisdemexico.com\/wp-content\/uploads\/2022\/07\/OFERTAS-DESCUENTOS-EN-1024x874.png"}],"twitter_card":"summary_large_image","twitter_misc":{"Tiempo de lectura":"2 minutos"},"schema":{"@context":"https:\/\/schema.org","@graph":[{"@type":"WebPage","@id":"https:\/\/aerotaxisdemexico.com\/offers\/","url":"https:\/\/aerotaxisdemexico.com\/offers\/","name":"Offers | Aertotuc\u00e1n","isPartOf":{"@id":"https:\/\/aerotaxisdemexico.com\/#website"},"datePublished":"2022-07-19T15:34:55+00:00","dateModified":"2022-09-03T16:02:45+00:00","description":"Discover offers and promotions on flights with us","breadcrumb":{"@id":"https:\/\/aerotaxisdemexico.com\/offers\/#breadcrumb"},"inLanguage":"es","potentialAction":[{"@type":"ReadAction","target":["https:\/\/aerotaxisdemexico.com\/offers\/"]}]},{"@type":"BreadcrumbList","@id":"https:\/\/aerotaxisdemexico.com\/offers\/#breadcrumb","itemListElement":[{"@type":"ListItem","position":1,"name":"Home","item":"https:\/\/aerotaxisdemexico.com\/"},{"@type":"ListItem","position":2,"name":"Offers"}]},{"@type":"WebSite","@id":"https:\/\/aerotaxisdemexico.com\/#website","url":"https:\/\/aerotaxisdemexico.com\/","name":"Aerotuc\u00e1n","description":"AERO TAXI OAXACA","publisher":{"@id":"https:\/\/aerotaxisdemexico.com\/#organization"},"potentialAction":[{"@type":"SearchAction","target":{"@type":"EntryPoint","urlTemplate":"https:\/\/aerotaxisdemexico.com\/?s={search_term_string}"},"query-input":"required name=search_term_string"}],"inLanguage":"es"},{"@type":"Organization","@id":"https:\/\/aerotaxisdemexico.com\/#organization","name":"AEROTUC\u00c1N","url":"https:\/\/aerotaxisdemexico.com\/","logo":{"@type":"ImageObject","inLanguage":"es","@id":"https:\/\/aerotaxisdemexico.com\/#\/schema\/logo\/image\/","url":"http:\/\/aerotaxisdemexico.com\/wp-content\/uploads\/2022\/07\/aerotucan-logo.png","contentUrl":"http:\/\/aerotaxisdemexico.com\/wp-content\/uploads\/2022\/07\/aerotucan-logo.png","width":241,"height":73,"caption":"AEROTUC\u00c1N"},"image":{"@id":"https:\/\/aerotaxisdemexico.com\/#\/schema\/logo\/image\/"},"sameAs":["https:\/\/es-la.facebook.com\/AerotucanOaxaca\/","https:\/\/www.instagram.com\/aerotucan\/?hl=es"]}]}},"_links":{"self":[{"href":"https:\/\/aerotaxisdemexico.com\/es\/wp-json\/wp\/v2\/pages\/18","targetHints":{"allow":["GET"]}}],"collection":[{"href":"https:\/\/aerotaxisdemexico.com\/es\/wp-json\/wp\/v2\/pages"}],"about":[{"href":"https:\/\/aerotaxisdemexico.com\/es\/wp-json\/wp\/v2\/types\/page"}],"author":[{"embeddable":true,"href":"https:\/\/aerotaxisdemexico.com\/es\/wp-json\/wp\/v2\/users\/1"}],"replies":[{"embeddable":true,"href":"https:\/\/aerotaxisdemexico.com\/es\/wp-json\/wp\/v2\/comments?post=18"}],"version-history":[{"count":16,"href":"https:\/\/aerotaxisdemexico.com\/es\/wp-json\/wp\/v2\/pages\/18\/revisions"}],"predecessor-version":[{"id":545,"href":"https:\/\/aerotaxisdemexico.com\/es\/wp-json\/wp\/v2\/pages\/18\/revisions\/545"}],"wp:attachment":[{"href":"https:\/\/aerotaxisdemexico.com\/es\/wp-json\/wp\/v2\/media?parent=18"}],"curies":[{"name":"wp","href":"https:\/\/api.w.org\/{rel}","templated":true}]}}