{"id":14,"date":"2022-07-19T15:34:30","date_gmt":"2022-07-19T15:34:30","guid":{"rendered":"https:\/\/aerotucan.miwebminegocio.com\/?page_id=14"},"modified":"2022-09-03T16:01:56","modified_gmt":"2022-09-03T16:01:56","slug":"services","status":"publish","type":"page","link":"https:\/\/aerotaxisdemexico.com\/es\/services\/","title":{"rendered":"Services"},"content":{"rendered":"<div data-elementor-type=\"wp-page\" data-elementor-id=\"14\" class=\"elementor elementor-14\" data-elementor-post-type=\"page\">\n\t\t\t\t\t\t\t\t\t<section class=\"elementor-section elementor-top-section elementor-element elementor-element-1586f58b elementor-section-height-min-height elementor-section-full_width elementor-section-height-default elementor-section-items-middle\" data-id=\"1586f58b\" data-element_type=\"section\" data-settings=\"{&quot;background_background&quot;:&quot;classic&quot;,&quot;_ha_eqh_enable&quot;:false}\">\n\t\t\t\t\t\t<div class=\"elementor-container elementor-column-gap-no\">\n\t\t\t\t\t<div class=\"elementor-column elementor-col-33 elementor-top-column elementor-element elementor-element-6a9aa92f\" data-id=\"6a9aa92f\" data-element_type=\"column\">\n\t\t\t<div class=\"elementor-widget-wrap elementor-element-populated\">\n\t\t\t\t\t\t\t\t<div class=\"elementor-element elementor-element-d4955cf elementor-widget elementor-widget-spacer\" data-id=\"d4955cf\" data-element_type=\"widget\" data-widget_type=\"spacer.default\">\n\t\t\t\t<div class=\"elementor-widget-container\">\n\t\t\t\t\t<div class=\"elementor-spacer\">\n\t\t\t<div class=\"elementor-spacer-inner\"><\/div>\n\t\t<\/div>\n\t\t\t\t<\/div>\n\t\t\t\t<\/div>\n\t\t\t\t\t<\/div>\n\t\t<\/div>\n\t\t\t\t<div class=\"elementor-column elementor-col-33 elementor-top-column elementor-element elementor-element-174c51cf\" data-id=\"174c51cf\" data-element_type=\"column\">\n\t\t\t<div class=\"elementor-widget-wrap elementor-element-populated\">\n\t\t\t\t\t\t\t\t<div class=\"elementor-element elementor-element-6e8ead3b elementor-widget elementor-widget-heading\" data-id=\"6e8ead3b\" data-element_type=\"widget\" data-widget_type=\"heading.default\">\n\t\t\t\t<div class=\"elementor-widget-container\">\n\t\t\t<h2 class=\"elementor-heading-title elementor-size-default\">Servicios Especiales<\/h2>\t\t<\/div>\n\t\t\t\t<\/div>\n\t\t\t\t<div class=\"elementor-element elementor-element-161aaea elementor-widget elementor-widget-heading\" data-id=\"161aaea\" data-element_type=\"widget\" data-widget_type=\"heading.default\">\n\t\t\t\t<div class=\"elementor-widget-container\">\n\t\t\t<p class=\"elementor-heading-title elementor-size-default\">En Aerotucan le ofrecemos servicios especiales de alquiler de aviones,\n contamos con una completa l\u00ednea de aviones y helic\u00f3pteros.<\/p>\t\t<\/div>\n\t\t\t\t<\/div>\n\t\t\t\t\t<\/div>\n\t\t<\/div>\n\t\t\t\t<div class=\"elementor-column elementor-col-33 elementor-top-column elementor-element elementor-element-2759c807\" data-id=\"2759c807\" data-element_type=\"column\">\n\t\t\t<div class=\"elementor-widget-wrap elementor-element-populated\">\n\t\t\t\t\t\t\t\t<div class=\"elementor-element elementor-element-16762419 elementor-widget elementor-widget-image\" data-id=\"16762419\" data-element_type=\"widget\" data-widget_type=\"image.default\">\n\t\t\t\t<div class=\"elementor-widget-container\">\n\t\t\t\t\t\t\t\t\t\t\t\t\t\t\t<img loading=\"lazy\" decoding=\"async\" width=\"702\" height=\"566\" src=\"https:\/\/aerotaxisdemexico.com\/wp-content\/uploads\/2022\/07\/plane-special-services.png\" class=\"attachment-large size-large wp-image-298\" alt=\"rent a plane special services oaxaca\" srcset=\"https:\/\/aerotaxisdemexico.com\/wp-content\/uploads\/2022\/07\/plane-special-services.png 702w, https:\/\/aerotaxisdemexico.com\/wp-content\/uploads\/2022\/07\/plane-special-services-300x242.png 300w\" sizes=\"auto, (max-width: 702px) 100vw, 702px\" \/>\t\t\t\t\t\t\t\t\t\t\t\t\t\t\t<\/div>\n\t\t\t\t<\/div>\n\t\t\t\t\t<\/div>\n\t\t<\/div>\n\t\t\t\t\t\t\t<\/div>\n\t\t<\/section>\n\t\t\t\t<section class=\"elementor-section elementor-top-section elementor-element elementor-element-761688b3 elementor-section-boxed elementor-section-height-default elementor-section-height-default\" data-id=\"761688b3\" data-element_type=\"section\" data-settings=\"{&quot;_ha_eqh_enable&quot;:false}\">\n\t\t\t\t\t\t<div class=\"elementor-container elementor-column-gap-default\">\n\t\t\t\t\t<div class=\"elementor-column elementor-col-100 elementor-top-column elementor-element elementor-element-13f5b97d\" data-id=\"13f5b97d\" data-element_type=\"column\">\n\t\t\t<div class=\"elementor-widget-wrap elementor-element-populated\">\n\t\t\t\t\t\t\t\t<div class=\"elementor-element elementor-element-5f35413a elementor-widget elementor-widget-text-editor\" data-id=\"5f35413a\" data-element_type=\"widget\" data-widget_type=\"text-editor.default\">\n\t\t\t\t<div class=\"elementor-widget-container\">\n\t\t\t\t\t\t\t<p>Estamos enfocados a satisfacer las necesidades de transporte a\u00e9reo para todo tipo de viajes. contamos con una l\u00ednea completa de aviones y helic\u00f3pteros.<\/p><p>Nuestros equipos se ajustan a todo tipo de necesidades, desde un peque\u00f1o monomotor hasta el m\u00e1s sofisticado jet, con la seguridad de ofrecerle el mejor servicio.<\/p>\t\t\t\t\t\t<\/div>\n\t\t\t\t<\/div>\n\t\t\t\t\t<\/div>\n\t\t<\/div>\n\t\t\t\t\t\t\t<\/div>\n\t\t<\/section>\n\t\t\t\t<section class=\"elementor-section elementor-top-section elementor-element elementor-element-5d34267 elementor-section-content-middle elementor-section-boxed elementor-section-height-default elementor-section-height-default\" data-id=\"5d34267\" data-element_type=\"section\" data-settings=\"{&quot;_ha_eqh_enable&quot;:false}\">\n\t\t\t\t\t\t<div class=\"elementor-container elementor-column-gap-default\">\n\t\t\t\t\t<div class=\"elementor-column elementor-col-50 elementor-top-column elementor-element elementor-element-63dd2f4\" data-id=\"63dd2f4\" data-element_type=\"column\">\n\t\t\t<div class=\"elementor-widget-wrap elementor-element-populated\">\n\t\t\t\t\t\t\t\t<div class=\"elementor-element elementor-element-5a66b6c elementor-widget elementor-widget-ha-advanced-tabs happy-addon ha-advanced-tabs happy-addon-pro\" data-id=\"5a66b6c\" data-element_type=\"widget\" data-widget_type=\"ha-advanced-tabs.default\">\n\t\t\t\t<div class=\"elementor-widget-container\">\n\t\t\t\t\t<div class=\"ha-tabs-5a66b6c ha-tabs ha-tabs--nav-left  ha-tabs--nav-y-top ha-tabs--icon-left\" role=\"tablist\">\n\t\t\t<div class=\"ha-tabs__nav\">\n\t\t\t\t\t\t\t\t\t<div id=\"ha-tab-title-9471\" class=\"ha-tab__title ha-tab__title--desktop elementor-repeater-item-89aa94e\" data-tab=\"1\" role=\"tab\" aria-controls=\"ha-tab__content-9471\">\n\t\t\t\t\t\t\t\t\t\t\t\t<span class=\"ha-tab__title-text\">Jets<\/span><\/div>\n\t\t\t\t\t\t\t\t\t<div id=\"ha-tab-title-9472\" class=\"ha-tab__title ha-tab__title--desktop elementor-repeater-item-dfa2361\" data-tab=\"2\" role=\"tab\" aria-controls=\"ha-tab__content-9472\">\n\t\t\t\t\t\t\t\t\t\t\t\t<span class=\"ha-tab__title-text\">Helic\u00f3pteros<\/span><\/div>\n\t\t\t\t\t\t\t<\/div>\n\t\t\t<div class=\"ha-tabs__content\">\n\t\t\t\t\t\t\t\t\t<div class=\"ha-tab__title ha-tab__title--mobile elementor-repeater-item-89aa94e\" data-tab=\"1\" role=\"tab\">\n\t\t\t\t\t\t\t\t\t\t\t\t<span class=\"ha-tab__title-text\">Jets<\/span>\n\t\t\t\t\t<\/div>\n\t\t\t\t\t<div id=\"ha-tab-content-9471\" class=\"ha-tab__content ha-clearfix elementor-repeater-item-89aa94e\" data-tab=\"1\" role=\"tabpanel\" aria-labelledby=\"ha-tab-title-9471\">\n\t\t\t\t\t\t<table class=\"aligncenter\"><tbody><tr><td><strong>lobal<\/strong><\/td><td>16 Pasajeros<\/td><\/tr><tr><td><strong>Gulfstream III<\/strong><\/td><td>14 Pasajeros<\/td><\/tr><tr><td><strong>Gulfstream III-B<\/strong><\/td><td>14 Pasajeros<\/td><\/tr><tr><td><strong>Challenger 601<\/strong><\/td><td>13 Pasajeros<\/td><\/tr><tr><td><strong>Hawker 800<\/strong><\/td><td>9 Pasajeros<\/td><\/tr><tr><td><strong>Falcon 20<\/strong><\/td><td>9 Pasajeros<\/td><\/tr><tr><td><strong>Hawker 700<\/strong><\/td><td>8 Pasajeros<\/td><\/tr><tr><td><strong>Sabreliner 80<\/strong><\/td><td>8 Pasajeros<\/td><\/tr><tr><td><strong>Learjet 60<\/strong><\/td><td>7 Pasajeros<\/td><\/tr><tr><td><strong>Gulfstream 150<\/strong><\/td><td>8 Pasajeros<\/td><\/tr><tr><td><strong>Learjet 45<\/strong><\/td><td>9 Pasajeros<\/td><\/tr><tr><td><strong>Learjet 25<\/strong><\/td><td>7 Pasajeros<\/td><\/tr><tr><td><strong>Learjet 24<\/strong><\/td><td>6 Pasajeros<\/td><\/tr><tr><td><strong>Caravan<\/strong><\/td><td>9 Pasajeros<\/td><\/tr><tr><td><strong>Cessna 206<\/strong><\/td><td>5 Pasajeros<\/td><\/tr><\/tbody><\/table>\t\t\t\t\t<\/div>\n\t\t\t\t\t\t\t\t\t<div class=\"ha-tab__title ha-tab__title--mobile elementor-repeater-item-dfa2361\" data-tab=\"2\" role=\"tab\">\n\t\t\t\t\t\t\t\t\t\t\t\t<span class=\"ha-tab__title-text\">Helic\u00f3pteros<\/span>\n\t\t\t\t\t<\/div>\n\t\t\t\t\t<div id=\"ha-tab-content-9472\" class=\"ha-tab__content ha-clearfix elementor-repeater-item-dfa2361\" data-tab=\"2\" role=\"tabpanel\" aria-labelledby=\"ha-tab-title-9472\">\n\t\t\t\t\t\t<table class=\"aligncenter\"><tbody><tr><td><strong>Bell 206 JR<\/strong><\/td><td>3 a 4 Pasajeros<\/td><\/tr><tr><td><strong>Bell 407<\/strong><\/td><td>5 a 6 Pasajeros<\/td><\/tr><tr><td><strong>AS 350-B3<\/strong><\/td><td>4 a 5 Pasajeros<\/td><\/tr><tr><td><strong>Agusta Elite<\/strong><\/td><td>6 Pasajeros<\/td><\/tr><\/tbody><\/table>\t\t\t\t\t<\/div>\n\t\t\t\t\t\t\t<\/div>\n\t\t<\/div>\n\t\t\t\t<\/div>\n\t\t\t\t<\/div>\n\t\t\t\t\t<\/div>\n\t\t<\/div>\n\t\t\t\t<div class=\"elementor-column elementor-col-50 elementor-top-column elementor-element elementor-element-8a07222\" data-id=\"8a07222\" data-element_type=\"column\">\n\t\t\t<div class=\"elementor-widget-wrap elementor-element-populated\">\n\t\t\t\t\t\t\t\t<div class=\"elementor-element elementor-element-3ac9bd7 elementor-widget elementor-widget-button\" data-id=\"3ac9bd7\" data-element_type=\"widget\" data-widget_type=\"button.default\">\n\t\t\t\t<div class=\"elementor-widget-container\">\n\t\t\t\t\t<div class=\"elementor-button-wrapper\">\n\t\t\t<a class=\"elementor-button elementor-button-link elementor-size-sm\" href=\"#\">\n\t\t\t\t\t\t<span class=\"elementor-button-content-wrapper\">\n\t\t\t\t\t\t<span class=\"elementor-button-text\">Cont\u00e1ctenos<\/span>\n\t\t<\/span>\n\t\t\t\t\t<\/a>\n\t\t<\/div>\n\t\t\t\t<\/div>\n\t\t\t\t<\/div>\n\t\t\t\t\t<\/div>\n\t\t<\/div>\n\t\t\t\t\t\t\t<\/div>\n\t\t<\/section>\n\t\t\t\t\t\t\t<\/div>","protected":false},"excerpt":{"rendered":"<p>Special Services In Aerotucan we offer you special aircraft rental services, we have a complete line of airplanes and helicopters. We are focused on satisfying the needs of air transportation for all kinds of trips. Our equipment adjusts to all kinds of requirements, from a small single-engine to the most sophisticated jet, with the security [&hellip;]<\/p>","protected":false},"author":1,"featured_media":0,"parent":0,"menu_order":0,"comment_status":"closed","ping_status":"closed","template":"elementor_header_footer","meta":{"_monsterinsights_skip_tracking":false,"_monsterinsights_sitenote_active":false,"_monsterinsights_sitenote_note":"","_monsterinsights_sitenote_category":0,"footnotes":""},"class_list":["post-14","page","type-page","status-publish","hentry"],"yoast_head":"<!-- This site is optimized with the Yoast SEO Premium plugin v19.2 (Yoast SEO v20.13) - https:\/\/yoast.com\/wordpress\/plugins\/seo\/ -->\n<title>Aircraft rental | Services | Aerotuc\u00e1n<\/title>\n<meta name=\"description\" content=\"Renta de jets y helicopteros con diferentes capacidades .\" \/>\n<meta name=\"robots\" content=\"index, follow, max-snippet:-1, max-image-preview:large, max-video-preview:-1\" \/>\n<link rel=\"canonical\" href=\"https:\/\/aerotaxisdemexico.com\/es\/services\/\" \/>\n<meta property=\"og:locale\" content=\"es_MX\" \/>\n<meta property=\"og:type\" content=\"article\" \/>\n<meta property=\"og:title\" content=\"Services\" \/>\n<meta property=\"og:description\" content=\"Renta de jets y helicopteros con diferentes capacidades .\" \/>\n<meta property=\"og:url\" content=\"https:\/\/aerotaxisdemexico.com\/es\/services\/\" \/>\n<meta property=\"og:site_name\" content=\"Aerotuc\u00e1n\" \/>\n<meta property=\"article:publisher\" content=\"https:\/\/es-la.facebook.com\/AerotucanOaxaca\/\" \/>\n<meta property=\"article:modified_time\" content=\"2022-09-03T16:01:56+00:00\" \/>\n<meta property=\"og:image\" content=\"http:\/\/aerotaxisdemexico.com\/wp-content\/uploads\/2022\/07\/plane-special-services.png\" \/>\n<meta name=\"twitter:card\" content=\"summary_large_image\" \/>\n<meta name=\"twitter:label1\" content=\"Tiempo de lectura\" \/>\n\t<meta name=\"twitter:data1\" content=\"1 minuto\" \/>\n<script type=\"application\/ld+json\" class=\"yoast-schema-graph\">{\"@context\":\"https:\/\/schema.org\",\"@graph\":[{\"@type\":\"WebPage\",\"@id\":\"https:\/\/aerotaxisdemexico.com\/services\/\",\"url\":\"https:\/\/aerotaxisdemexico.com\/services\/\",\"name\":\"Aircraft rental | Services | Aerotuc\u00e1n\",\"isPartOf\":{\"@id\":\"https:\/\/aerotaxisdemexico.com\/#website\"},\"datePublished\":\"2022-07-19T15:34:30+00:00\",\"dateModified\":\"2022-09-03T16:01:56+00:00\",\"description\":\"Renta de jets y helicopteros con diferentes capacidades .\",\"breadcrumb\":{\"@id\":\"https:\/\/aerotaxisdemexico.com\/services\/#breadcrumb\"},\"inLanguage\":\"es\",\"potentialAction\":[{\"@type\":\"ReadAction\",\"target\":[\"https:\/\/aerotaxisdemexico.com\/services\/\"]}]},{\"@type\":\"BreadcrumbList\",\"@id\":\"https:\/\/aerotaxisdemexico.com\/services\/#breadcrumb\",\"itemListElement\":[{\"@type\":\"ListItem\",\"position\":1,\"name\":\"Home\",\"item\":\"https:\/\/aerotaxisdemexico.com\/\"},{\"@type\":\"ListItem\",\"position\":2,\"name\":\"Services\"}]},{\"@type\":\"WebSite\",\"@id\":\"https:\/\/aerotaxisdemexico.com\/#website\",\"url\":\"https:\/\/aerotaxisdemexico.com\/\",\"name\":\"Aerotuc\u00e1n\",\"description\":\"AERO TAXI OAXACA\",\"publisher\":{\"@id\":\"https:\/\/aerotaxisdemexico.com\/#organization\"},\"potentialAction\":[{\"@type\":\"SearchAction\",\"target\":{\"@type\":\"EntryPoint\",\"urlTemplate\":\"https:\/\/aerotaxisdemexico.com\/?s={search_term_string}\"},\"query-input\":\"required name=search_term_string\"}],\"inLanguage\":\"es\"},{\"@type\":\"Organization\",\"@id\":\"https:\/\/aerotaxisdemexico.com\/#organization\",\"name\":\"AEROTUC\u00c1N\",\"url\":\"https:\/\/aerotaxisdemexico.com\/\",\"logo\":{\"@type\":\"ImageObject\",\"inLanguage\":\"es\",\"@id\":\"https:\/\/aerotaxisdemexico.com\/#\/schema\/logo\/image\/\",\"url\":\"http:\/\/aerotaxisdemexico.com\/wp-content\/uploads\/2022\/07\/aerotucan-logo.png\",\"contentUrl\":\"http:\/\/aerotaxisdemexico.com\/wp-content\/uploads\/2022\/07\/aerotucan-logo.png\",\"width\":241,\"height\":73,\"caption\":\"AEROTUC\u00c1N\"},\"image\":{\"@id\":\"https:\/\/aerotaxisdemexico.com\/#\/schema\/logo\/image\/\"},\"sameAs\":[\"https:\/\/es-la.facebook.com\/AerotucanOaxaca\/\",\"https:\/\/www.instagram.com\/aerotucan\/?hl=es\"]}]}<\/script>\n<!-- \/ Yoast SEO Premium plugin. -->","yoast_head_json":{"title":"Aircraft rental | Services | Aerotuc\u00e1n","description":"Renta de jets y helicopteros con diferentes capacidades .","robots":{"index":"index","follow":"follow","max-snippet":"max-snippet:-1","max-image-preview":"max-image-preview:large","max-video-preview":"max-video-preview:-1"},"canonical":"https:\/\/aerotaxisdemexico.com\/es\/services\/","og_locale":"es_MX","og_type":"article","og_title":"Services","og_description":"Renta de jets y helicopteros con diferentes capacidades .","og_url":"https:\/\/aerotaxisdemexico.com\/es\/services\/","og_site_name":"Aerotuc\u00e1n","article_publisher":"https:\/\/es-la.facebook.com\/AerotucanOaxaca\/","article_modified_time":"2022-09-03T16:01:56+00:00","og_image":[{"url":"http:\/\/aerotaxisdemexico.com\/wp-content\/uploads\/2022\/07\/plane-special-services.png"}],"twitter_card":"summary_large_image","twitter_misc":{"Tiempo de lectura":"1 minuto"},"schema":{"@context":"https:\/\/schema.org","@graph":[{"@type":"WebPage","@id":"https:\/\/aerotaxisdemexico.com\/services\/","url":"https:\/\/aerotaxisdemexico.com\/services\/","name":"Aircraft rental | Services | Aerotuc\u00e1n","isPartOf":{"@id":"https:\/\/aerotaxisdemexico.com\/#website"},"datePublished":"2022-07-19T15:34:30+00:00","dateModified":"2022-09-03T16:01:56+00:00","description":"Renta de jets y helicopteros con diferentes capacidades .","breadcrumb":{"@id":"https:\/\/aerotaxisdemexico.com\/services\/#breadcrumb"},"inLanguage":"es","potentialAction":[{"@type":"ReadAction","target":["https:\/\/aerotaxisdemexico.com\/services\/"]}]},{"@type":"BreadcrumbList","@id":"https:\/\/aerotaxisdemexico.com\/services\/#breadcrumb","itemListElement":[{"@type":"ListItem","position":1,"name":"Home","item":"https:\/\/aerotaxisdemexico.com\/"},{"@type":"ListItem","position":2,"name":"Services"}]},{"@type":"WebSite","@id":"https:\/\/aerotaxisdemexico.com\/#website","url":"https:\/\/aerotaxisdemexico.com\/","name":"Aerotuc\u00e1n","description":"AERO TAXI OAXACA","publisher":{"@id":"https:\/\/aerotaxisdemexico.com\/#organization"},"potentialAction":[{"@type":"SearchAction","target":{"@type":"EntryPoint","urlTemplate":"https:\/\/aerotaxisdemexico.com\/?s={search_term_string}"},"query-input":"required name=search_term_string"}],"inLanguage":"es"},{"@type":"Organization","@id":"https:\/\/aerotaxisdemexico.com\/#organization","name":"AEROTUC\u00c1N","url":"https:\/\/aerotaxisdemexico.com\/","logo":{"@type":"ImageObject","inLanguage":"es","@id":"https:\/\/aerotaxisdemexico.com\/#\/schema\/logo\/image\/","url":"http:\/\/aerotaxisdemexico.com\/wp-content\/uploads\/2022\/07\/aerotucan-logo.png","contentUrl":"http:\/\/aerotaxisdemexico.com\/wp-content\/uploads\/2022\/07\/aerotucan-logo.png","width":241,"height":73,"caption":"AEROTUC\u00c1N"},"image":{"@id":"https:\/\/aerotaxisdemexico.com\/#\/schema\/logo\/image\/"},"sameAs":["https:\/\/es-la.facebook.com\/AerotucanOaxaca\/","https:\/\/www.instagram.com\/aerotucan\/?hl=es"]}]}},"_links":{"self":[{"href":"https:\/\/aerotaxisdemexico.com\/es\/wp-json\/wp\/v2\/pages\/14","targetHints":{"allow":["GET"]}}],"collection":[{"href":"https:\/\/aerotaxisdemexico.com\/es\/wp-json\/wp\/v2\/pages"}],"about":[{"href":"https:\/\/aerotaxisdemexico.com\/es\/wp-json\/wp\/v2\/types\/page"}],"author":[{"embeddable":true,"href":"https:\/\/aerotaxisdemexico.com\/es\/wp-json\/wp\/v2\/users\/1"}],"replies":[{"embeddable":true,"href":"https:\/\/aerotaxisdemexico.com\/es\/wp-json\/wp\/v2\/comments?post=14"}],"version-history":[{"count":13,"href":"https:\/\/aerotaxisdemexico.com\/es\/wp-json\/wp\/v2\/pages\/14\/revisions"}],"predecessor-version":[{"id":478,"href":"https:\/\/aerotaxisdemexico.com\/es\/wp-json\/wp\/v2\/pages\/14\/revisions\/478"}],"wp:attachment":[{"href":"https:\/\/aerotaxisdemexico.com\/es\/wp-json\/wp\/v2\/media?parent=14"}],"curies":[{"name":"wp","href":"https:\/\/api.w.org\/{rel}","templated":true}]}}